{"id":6910,"date":"2025-11-24T16:38:50","date_gmt":"2025-11-24T15:38:50","guid":{"rendered":"https:\/\/intercultural-learning.eu\/sviluppo-dei-valori\/"},"modified":"2025-12-12T13:49:07","modified_gmt":"2025-12-12T12:49:07","slug":"sviluppo-dei-valori","status":"publish","type":"page","link":"https:\/\/intercultural-learning.eu\/it\/sviluppo-dei-valori\/","title":{"rendered":"Sviluppo dei valori"},"content":{"rendered":"\n<p>L&#8217;internazionalizzazione dell&#8217;istruzione scolastica sviluppa la cittadinanza globale degli studenti, educandoli a partecipare attivamente alle nostre societ\u00e0 culturalmente diverse e a contribuire a una cultura pi\u00f9 pacifica e democratica. Lo sviluppo dei valori della cittadinanza globale (universalismo) \u00e8 una parte cruciale di questo processo.\n\n<strong>Scopri come promuovere valori e comportamenti di cittadinanza globale, anche attraverso l&#8217;inclusione di aspetti internazionali e interculturali nella tua scuola.<\/strong>\n\nPer una rapida introduzione e applicazione, guarda il nostro breve video animato qui:<\/p>\n\n\n\n<div style=\"height:18px\" aria-hidden=\"true\" class=\"wp-block-spacer\"><\/div>\n\n\n\n<div class=\"wp-block-columns is-layout-flex wp-container-core-columns-is-layout-3 wp-block-columns-is-layout-flex\">\n<div class=\"wp-block-column is-layout-flow wp-block-column-is-layout-flow\">\n<div class=\"wp-block-columns is-layout-flex wp-container-core-columns-is-layout-2 wp-block-columns-is-layout-flex\">\n<div class=\"wp-block-column is-layout-flow wp-block-column-is-layout-flow\">\n<div class=\"wp-block-columns is-layout-flex wp-container-core-columns-is-layout-1 wp-block-columns-is-layout-flex\">\n<div class=\"wp-block-column is-layout-flow wp-block-column-is-layout-flow\" style=\"flex-basis:25%\">\n<div style=\"height:100px\" aria-hidden=\"true\" class=\"wp-block-spacer\"><\/div>\n<\/div>\n\n\n\n<div class=\"wp-block-column is-layout-flow wp-block-column-is-layout-flow\" style=\"flex-basis:50%\">\n<figure class=\"wp-block-video\"><video controls src=\"https:\/\/intercultural-learning.eu\/wp-content\/uploads\/2025\/09\/EFIL-Values-Video-6.mp4\"><\/video><\/figure>\n<\/div>\n\n\n\n<div class=\"wp-block-column is-layout-flow wp-block-column-is-layout-flow\" style=\"flex-basis:25%\">\n<div style=\"height:260px\" aria-hidden=\"true\" class=\"wp-block-spacer\"><\/div>\n<\/div>\n<\/div>\n<\/div>\n<\/div>\n<\/div>\n<\/div>\n\n\n\n<div style=\"height:32px\" aria-hidden=\"true\" class=\"wp-block-spacer\"><\/div>\n\n\n\n<p class=\"has-text-align-center\"><strong>Metti alla prova le tue conoscenze:<\/strong><\/p>\n\n\n\n<div class=\"wp-block-columns is-layout-flex wp-container-core-columns-is-layout-4 wp-block-columns-is-layout-flex\">\n<div class=\"wp-block-column is-layout-flow wp-block-column-is-layout-flow\" style=\"flex-basis:25%\">\n<div style=\"height:100px\" aria-hidden=\"true\" class=\"wp-block-spacer\"><\/div>\n<\/div>\n\n\n\n<div class=\"wp-block-column is-layout-flow wp-block-column-is-layout-flow\" style=\"flex-basis:50%\">\n<figure class=\"wp-block-video\"><video controls src=\"https:\/\/intercultural-learning.eu\/wp-content\/uploads\/2025\/09\/EFIL-Values-Video-Quiz-1.mp4\"><\/video><\/figure>\n<\/div>\n\n\n\n<div class=\"wp-block-column is-layout-flow wp-block-column-is-layout-flow\" style=\"flex-basis:25%\">\n<div style=\"height:100px\" aria-hidden=\"true\" class=\"wp-block-spacer\"><\/div>\n<\/div>\n<\/div>\n\n\n\n<div style=\"height:43px\" aria-hidden=\"true\" class=\"wp-block-spacer\"><\/div>\n\n\n\n<p>&#8220;<a href=\"https:\/\/eur03.safelinks.protection.outlook.com\/?url=https%3A%2F%2Fintercultural-learning.eu%2Fwhat-are-values%2F&amp;data=05%7C02%7CRebekah.Cooper.2023%40live.rhul.ac.uk%7Cec21502c213b4336ec8f08ddf4752512%7C2efd699a19224e69b601108008d28a2e%7C0%7C0%7C638935506157100486%7CUnknown%7CTWFpbGZsb3d8eyJFbXB0eU1hcGkiOnRydWUsIlYiOiIwLjAuMDAwMCIsIlAiOiJXaW4zMiIsIkFOIjoiTWFpbCIsIldUIjoyfQ%3D%3D%7C0%7C%7C%7C&amp;sdata=68yMk1OalXdw8%2BD78z60bIjhgA0Y1Ya%2BQL53SLqGBhk%3D&amp;reserved=0\">Cosa sono i valori<\/a>&#8221; fornisce un&#8217;introduzione alla teoria dei valori e al modello dei valori guida, in particolare il <a href=\"https:\/\/eur03.safelinks.protection.outlook.com\/?url=https%3A%2F%2Fintercultural-learning.eu%2Fwhat-are-values%2F&amp;data=05%7C02%7CRebekah.Cooper.2023%40live.rhul.ac.uk%7Cec21502c213b4336ec8f08ddf4752512%7C2efd699a19224e69b601108008d28a2e%7C0%7C0%7C638935506157121022%7CUnknown%7CTWFpbGZsb3d8eyJFbXB0eU1hcGkiOnRydWUsIlYiOiIwLjAuMDAwMCIsIlAiOiJXaW4zMiIsIkFOIjoiTWFpbCIsIldUIjoyfQ%3D%3D%7C0%7C%7C%7C&amp;sdata=JrGblrzXNtdsQJKjHFdrNjvDDo%2Bd%2FnuveU9c7YWG8d8%3D&amp;reserved=0\">modello di Schwartz<\/a>.<br><br><a href=\"https:\/\/eur03.safelinks.protection.outlook.com\/?url=https%3A%2F%2Fintercultural-learning.eu%2Fvalues-toolkit%2F&amp;data=05%7C02%7CRebekah.Cooper.2023%40live.rhul.ac.uk%7Cec21502c213b4336ec8f08ddf4752512%7C2efd699a19224e69b601108008d28a2e%7C0%7C0%7C638935506157135105%7CUnknown%7CTWFpbGZsb3d8eyJFbXB0eU1hcGkiOnRydWUsIlYiOiIwLjAuMDAwMCIsIlAiOiJXaW4zMiIsIkFOIjoiTWFpbCIsIldUIjoyfQ%3D%3D%7C0%7C%7C%7C&amp;sdata=9Rv5j0IaYfO2KhkduNeR2Q%2BekAKNlXDYjhFqeV%2Fei%2FI%3D&amp;reserved=0\">Values \u200b\u200bToolkit<\/a> fornisce risorse su come promuovere lo sviluppo di valori e comportamenti di cittadinanza globale in classe e nella comunit\u00e0 scolastica.<br><br>Il sito web <a href=\"https:\/\/eur03.safelinks.protection.outlook.com\/?url=http%3A%2F%2Finterculutral-learning.eu%2F&amp;data=05%7C02%7CRebekah.Cooper.2023%40live.rhul.ac.uk%7Cec21502c213b4336ec8f08ddf4752512%7C2efd699a19224e69b601108008d28a2e%7C0%7C0%7C638935506157148988%7CUnknown%7CTWFpbGZsb3d8eyJFbXB0eU1hcGkiOnRydWUsIlYiOiIwLjAuMDAwMCIsIlAiOiJXaW4zMiIsIkFOIjoiTWFpbCIsIldUIjoyfQ%3D%3D%7C0%7C%7C%7C&amp;sdata=957g29C0ksdcNKSyvS9yzllbSNrZr9kwjehea4v%2BjwE%3D&amp;reserved=0\">intercultural-learning.eu<\/a> offre risorse per insegnanti e personale scolastico con un approccio che coinvolge l&#8217;intera scuola e si basa su <a href=\"https:\/\/eur03.safelinks.protection.outlook.com\/?url=https%3A%2F%2Frm.coe.int%2F16806ccc0c&amp;data=05%7C02%7CRebekah.Cooper.2023%40live.rhul.ac.uk%7Cec21502c213b4336ec8f08ddf4752512%7C2efd699a19224e69b601108008d28a2e%7C0%7C0%7C638935506157162346%7CUnknown%7CTWFpbGZsb3d8eyJFbXB0eU1hcGkiOnRydWUsIlYiOiIwLjAuMDAwMCIsIlAiOiJXaW4zMiIsIkFOIjoiTWFpbCIsIldUIjoyfQ%3D%3D%7C0%7C%7C%7C&amp;sdata=WTcwVo%2F1wR9fp5zfUd9V4cJo00tgWsGJR6Eatm3L5A8%3D&amp;reserved=0\">un modello concettuale delle competenze<\/a> sviluppato dal Consiglio d&#8217;Europa. Le competenze consistono in valori, atteggiamenti, abilit\u00e0, conoscenze e comprensione critica. Il modello dei valori si concentra su come incoraggiare tre valori che educheranno gli studenti a partecipare efficacemente a una cultura democratica e a vivere pacificamente insieme in societ\u00e0 democratiche culturalmente diverse.<\/p>\n\n\n\n<div id=\"wp-block-themeisle-blocks-button-group-4760ed90\" class=\"wp-block-themeisle-blocks-button-group wp-block-buttons align-center-desktop\">\n<div id=\"wp-block-themeisle-blocks-button-0e1edd71\" class=\"wp-block-themeisle-blocks-button wp-block-button\"><a href=\"https:\/\/school-education.ec.europa.eu\/en\/discover\/expert-views\/global-citizenship-values-through-teaching-and-mobility\" target=\"_self\" rel=\"noopener noreferrer\" class=\"wp-block-button__link\"><span>Leggi qui l&#8217;articolo del nostro esperto<\/span><\/a><\/div>\n<\/div>\n\n\n\n<hr class=\"wp-block-separator has-alpha-channel-opacity\"\/>\n\n\n<h6><span style=\"color: #808080;\">Questa pagina web \u00e8 stata creata nel 2025 dalla professoressa Anat Bardi e dal suo team (Rebekah Cooper, Lina Vergopoulos e Saskia Schonberger) sulla base dei risultati della sua ricerca e di quella di altri, nell&#8217;ambito di un progetto finanziato dall&#8217;Economic and Social Research Council. Il copyright di questa pagina web appartiene al Royal Holloway e al Bedford New College con licenza Creative Commons CC BY-NC-ND.<\/span><\/h6>\n\n\n<p><\/p>\n","protected":false},"excerpt":{"rendered":"<p>L&#8217;internazionalizzazione dell&#8217;istruzione scolastica sviluppa la cittadinanza globale degli studenti, educandoli a partecipare attivamente alle nostre societ\u00e0 culturalmente diverse e a contribuire a una cultura pi\u00f9 pacifica e democratica. Lo sviluppo dei valori della cittadinanza globale (universalismo) \u00e8 una parte cruciale di questo processo. Scopri come promuovere valori e comportamenti di cittadinanza globale, anche attraverso l&#8217;inclusione [&hellip;]<\/p>\n","protected":false},"author":1,"featured_media":0,"parent":0,"menu_order":0,"comment_status":"closed","ping_status":"closed","template":"","meta":{"_themeisle_gutenberg_block_has_review":false,"footnotes":""},"class_list":["post-6910","page","type-page","status-publish","hentry"],"_links":{"self":[{"href":"https:\/\/intercultural-learning.eu\/it\/wp-json\/wp\/v2\/pages\/6910\/"}],"collection":[{"href":"https:\/\/intercultural-learning.eu\/it\/wp-json\/wp\/v2\/pages\/"}],"about":[{"href":"https:\/\/intercultural-learning.eu\/it\/wp-json\/wp\/v2\/types\/page\/"}],"author":[{"embeddable":true,"href":"https:\/\/intercultural-learning.eu\/it\/wp-json\/wp\/v2\/users\/1\/"}],"replies":[{"embeddable":true,"href":"https:\/\/intercultural-learning.eu\/it\/wp-json\/wp\/v2\/comments\/?post=6910"}],"version-history":[{"count":1,"href":"https:\/\/intercultural-learning.eu\/it\/wp-json\/wp\/v2\/pages\/6910\/revisions\/"}],"predecessor-version":[{"id":6912,"href":"https:\/\/intercultural-learning.eu\/it\/wp-json\/wp\/v2\/pages\/6910\/revisions\/6912\/"}],"wp:attachment":[{"href":"https:\/\/intercultural-learning.eu\/it\/wp-json\/wp\/v2\/media\/?parent=6910"}],"curies":[{"name":"wp","href":"https:\/\/api.w.org\/{rel}","templated":true}]}}