{"id":3487,"date":"2018-09-20T11:58:29","date_gmt":"2018-09-20T09:58:29","guid":{"rendered":"http:\/\/intercultural-learning.eu\/formazione-professori\/programma-per-tre-giornate-di-formazione\/apprendimento-interculturale-nell-educazione\/"},"modified":"2018-09-20T14:48:44","modified_gmt":"2018-09-20T12:48:44","slug":"apprendimento-interculturale-nell-educazione","status":"publish","type":"page","link":"https:\/\/intercultural-learning.eu\/it\/formazione-professori\/programma-per-tre-giornate-di-formazione\/apprendimento-interculturale-nell-educazione\/","title":{"rendered":"Apprendimento interculturale nell\u2019educazione"},"content":{"rendered":"<p>[vc_row][vc_column][vc_column_text]<\/p>\n<h1>APPRENDIMENTO INTERCULTURALE NELL\u2019 EDUCAZIONE<\/h1>\n<p>[\/vc_column_text][\/vc_column][\/vc_row][vc_row][vc_column][vc_column_text]<\/p>\n<h4>Tempo richiesto: 120 minuti<\/h4>\n<p>[\/vc_column_text][\/vc_column][\/vc_row][vc_row][vc_column width=&#8221;1\/3&#8243;][vc_column_text]<\/p>\n<h3>Obiettivi di apprendimento:<\/h3>\n<p>Alla fine di questa sessione, i partecipanti saranno<\/p>\n<ol>\n<li style=\"font-weight: 400;\">in grado di creare collegamenti tra le linee guida istituzionali sull&#8217;apprendimento interculturale e il loro contesto educativo.<\/li>\n<li style=\"font-weight: 400;\">consapevoli di come l&#8217;apprendimento interculturale viene affrontato nelle diverse realt\u00e0 scolastiche e ed avere suggerimenti per migliorare il proprio lavoro<\/li>\n<\/ol>\n<p>[\/vc_column_text][\/vc_column][vc_column width=&#8221;1\/3&#8243;][vc_column_text]<\/p>\n<h3>Finalit\u00e0:<\/h3>\n<ul>\n<li style=\"font-weight: 400;\">Fornire informazioni sugli orientamenti istituzionali circa l&#8217;apprendimento e la competenza interculturale<\/li>\n<li style=\"font-weight: 400;\">Sviluppare consapevolezza e favorire lo scambio di esperienza su come i partecipanti affrontano gi\u00e0 l&#8217;apprendimento interculturale all\u2019interno delle proprie scuole<\/li>\n<\/ul>\n<p>[\/vc_column_text][\/vc_column][vc_column width=&#8221;1\/3&#8243;][vc_column_text]<\/p>\n<h3>Requisiti di spazio<\/h3>\n<ul>\n<li style=\"font-weight: 400;\">Disposizione dei posti a semicerchio<\/li>\n<li style=\"font-weight: 400;\">Una stanza dove i partecipanti possono muoversi liberamente<\/li>\n<\/ul>\n<p>[\/vc_column_text][\/vc_column][\/vc_row][vc_row][vc_column width=&#8221;1\/3&#8243;][vc_column_text]<\/p>\n<h3>Materiale necessario<\/h3>\n<ul>\n<li style=\"font-weight: 400;\">Computer + connessione internet<\/li>\n<li style=\"font-weight: 400;\">Lavagna a fogli mobili e carta<\/li>\n<li style=\"font-weight: 400;\">Pennarelli colorati<\/li>\n<li style=\"font-weight: 400;\">Fogli di carta A4 e penne<\/li>\n<li style=\"font-weight: 400;\"><span style=\"font-weight: 400;\">Fotocopie delle istruzioni per l&#8217;attivit\u00e0 &#8220;Tavola delle diverse realt\u00e0&#8221; (allegata)\u201cTable of different realities\u201d<\/span><\/li>\n<li style=\"font-weight: 400;\">Presentazione di Powerpoint <a href=\"http:\/\/intercultural-learning.eu\/wp-content\/uploads\/2018\/09\/ITA-WEB-3-Presentazione_-Apprendimento-interculturale-nell-educazione-.pdf\" target=\"_blank\" rel=\"noopener\">&#8220;Apprendimento interculturale nell&#8217;educazione&#8221;<\/a><\/li>\n<\/ul>\n<p>[\/vc_column_text][\/vc_column][vc_column width=&#8221;1\/3&#8243;][vc_column_text]<\/p>\n<h3>Compiti a casa:<\/h3>\n<p><strong>Sessione \u201cDal livello internazionale a livello nazionale&#8221;<\/strong><\/p>\n<p>Prima del seminario, il formatore deve acquisire, studiare e conoscere bene le norme e le linee guida nazionali sull&#8217;apprendimento interculturale e la competenza interculturale.<\/p>\n<p>&nbsp;[\/vc_column_text][\/vc_column][vc_column width=&#8221;1\/3&#8243;][vc_column_text]<\/p>\n<h3>Sessione \u201cTavola delle diverse realt\u00e0\u201d:<\/h3>\n<p><span style=\"font-weight: 400;\">Prima della partecipazione al seminario, i docenti sono invitati a prepararsi a riferire su come le indicazioni nazionali sull&#8217;apprendimento interculturale vengono implementate nelle loro scuole. Devono essere in grado di condividere con gli altri partecipanti alcuni esempi, se ne hanno, su come l\u2019apprendimento interculturale sia preso in considerazione \u00a0<\/span><\/p>\n<ul>\n<li>nell&#8217;approccio generale della loro scuola<\/li>\n<li style=\"font-weight: 400;\">nelle materie che insegnano<\/li>\n<li style=\"font-weight: 400;\">nelle attivit\u00e0 interdisciplinari<\/li>\n<li style=\"font-weight: 400;\">nei programmi di mobilit\u00e0<\/li>\n<\/ul>\n<p>[\/vc_column_text][\/vc_column][\/vc_row][vc_row][vc_column][vc_column_text]<\/p>\n<h2>Descrizione dettagliata della sessione<\/h2>\n<p>[\/vc_column_text][\/vc_column][\/vc_row][vc_row][vc_column][vc_column_text]<\/p>\n<h3><span style=\"font-weight: 400;\">ATTIVIT\u00c0 1: INTRODUZIONE (15 MIN)<\/span><\/h3>\n<ol>\n<li style=\"font-weight: 400;\">Ripercorri brevemente cosa \u00e8 stato fatto durante il primo giorno<\/li>\n<li style=\"font-weight: 400;\">Spiega ai partecipanti che oggi si concentreranno sui processo di apprendimento interculturale<\/li>\n<\/ol>\n<p>[\/vc_column_text][\/vc_column][\/vc_row][vc_row][vc_column][vc_column_text]<\/p>\n<h3><span style=\"font-weight: 400;\">ATTIVIT\u00c0 2: PRESENTAZIONE &#8211; APPRENDIMENTO INTERCULTURALE IN EDUCAZIONE (30 MIN)<\/span><\/h3>\n<ul>\n<li style=\"font-weight: 400;\">Utilizza la presentazione <a href=\"http:\/\/intercultural-learning.eu\/wp-content\/uploads\/2018\/09\/ITA-WEB-3-Presentazione_-Apprendimento-interculturale-nell-educazione-.pdf\" target=\"_blank\" rel=\"noopener\">&#8220;Apprendimento interculturale nell&#8217;educazione&#8221;<\/a> per introdurre\n<ol>\n<li style=\"font-weight: 400;\">i motivi per cui l&#8217;apprendimento interculturale \u00e8 cos\u00ec importante oggi<\/li>\n<li style=\"font-weight: 400;\">la forte richiesta che viene portata avanti nei documenti di importanti istituzioni internazionali e nazionali<\/li>\n<li style=\"font-weight: 400;\">il ruolo della mobilit\u00e0 nell&#8217;apprendimento interculturale<\/li>\n<\/ol>\n<\/li>\n<\/ul>\n<p>[\/vc_column_text][\/vc_column][\/vc_row][vc_row][vc_column][vc_column_text]<\/p>\n<h3><span style=\"font-weight: 400;\">ATTIVIT\u00c0 3: PRESENTAZIONE &#8220;DAL LIVELLO EUROPEO AL <a href=\"https:\/\/intercultural-learning.eu\/it\/legislazione-nazionale\/\" target=\"_blank\" rel=\"noopener\">LIVELLO NAZIONALE<\/a>\u00a0&#8221; (15 MINUTI)<\/span><\/h3>\n<ul>\n<li style=\"font-weight: 400;\"><span style=\"font-weight: 400;\">Fornisci informazioni su come le linee guida europee sono implementate \u00a0<\/span>\n<ol>\n<li style=\"font-weight: 400;\">nella legislazione nazionale e in eventuali documenti chiave o dichiarazioni sull&#8217;apprendimento interculturale e sulla mobilit\u00e0 internazionale<\/li>\n<li style=\"font-weight: 400;\">in documenti &#8211; se esistenti &#8211; in cui importanti organizzazioni educative danno indicazioni e suggerimenti ( Associazione di presidi, associazioni di insegnanti &#8230;)<\/li>\n<\/ol>\n<\/li>\n<\/ul>\n<p>[\/vc_column_text][\/vc_column][\/vc_row][vc_row][vc_column][vc_column_text]<\/p>\n<h3><span style=\"font-weight: 400;\">ATTIVIT\u00c0 4: DAL LIVELLO NAZIONALE AL LIVELLO LOCALE (45 MINUTI)<\/span><\/h3>\n<h4>Tavola delle diverse realt\u00e0:<\/h4>\n<ol>\n<li style=\"font-weight: 400;\">Organizza quattro postazioni ed assegna un coordinatore a ciascuna di esse: il coordinatore \u00e8 responsabile di sintetizzare su un poster, le testimonianze che vengono espresse dai partecipanti. Le quattro postazioni sono\n<ul>\n<li><span style=\"font-weight: 400;\">apprendimento interculturale nell\u2019approccio generale della scuola<\/span><\/li>\n<li><span style=\"font-weight: 400;\">apprendimento interculturale nelle discipline<\/span><\/li>\n<li><span style=\"font-weight: 400;\">apprendimento interculturale nelle attivit\u00e0 interdisciplinari<\/span><\/li>\n<li><span style=\"font-weight: 400;\">apprendimento interculturale nei programmi di mobilit\u00e0<\/span><\/li>\n<\/ul>\n<\/li>\n<li style=\"font-weight: 400;\">Chiedi ai partecipanti di muoversi casualmente fra le quattro postazioni e iniziare il confronto sugli argomenti proposti. Questo dovrebbero essere principalmente legato alla propria esperienza di insegnamento, ma invita i docenti a condividere anche altre buone pratiche che conoscono bene e che possono interessare tutti.<\/li>\n<li style=\"font-weight: 400;\">\n<h4><span style=\"font-weight: 400;\">Spiega che dopo alcuni minuti, verr\u00e0 chiesto loro di spostarsi &#8211; a caso &#8211; in un&#8217;altra stazione di interesse. Se hai meno di 12 partecipanti in totale, puoi dividere i partecipanti in due gruppi facendoli lavorare in due stazioni alla volta o far muovere l&#8217;intero gruppo da una stazione all&#8217;altra.<\/span><\/h4>\n<\/li>\n<li style=\"font-weight: 400;\">\n<h4><span style=\"font-weight: 400;\">Il coordinatore introduce l&#8217;argomento leggendo la descrizione sul suo tavolo e appunta le testimonianze per parole chiave o punti elenco. Quando accoglie nuovi partecipanti alla stazione, presenta nuovamente l&#8217;argomento e riassume brevemente ci\u00f2 che \u00e8 emerso \u00a0nelle discussioni precedenti, facilitando nuovi scambi di esperienza<\/span><\/h4>\n<\/li>\n<li style=\"font-weight: 400;\">\n<h4><span style=\"font-weight: 400;\">Quando tutti i partecipanti hanno partecipato a momenti di confronto in tutte le stazioni, invitali a tornare in plenaria e chiedi a ciascun coordinatore di tavolo di presentare un riassunto delle idee condivise alla sua postazione. <\/span><\/h4>\n<\/li>\n<li style=\"font-weight: 400;\">\n<h4><span style=\"font-weight: 400;\">Concludi chiedendo ai partecipanti se hanno domande su cosa \u00e8 stato condiviso. \u00a0<\/span><\/h4>\n<\/li>\n<\/ol>\n<p>[\/vc_column_text][\/vc_column][\/vc_row][vc_row][vc_column][vc_column_text]<\/p>\n<h3><span style=\"font-weight: 400;\">ISTRUZIONI PER LA PREPARAZIONE DELLE 4 STAZIONI<\/span><\/h3>\n<ul>\n<li style=\"font-weight: 400;\">un tavolo coperto da uno o pi\u00f9 fogli grandi del flipchart.<\/li>\n<li style=\"font-weight: 400;\">4-5 sedie attorno a ciascun tavolo<\/li>\n<li style=\"font-weight: 400;\">Pennarelli per scrivere brevi note sulla lavagna a fogli<\/li>\n<li style=\"font-weight: 400;\">Istruzioni per ogni stazione attaccata al centro del flipchart &#8211; Vedi allegato<\/li>\n<\/ul>\n<p>[\/vc_column_text][\/vc_column][\/vc_row][vc_row][vc_column width=&#8221;1\/2&#8243;][vc_column_text]<\/p>\n<h4>Approccio a tutta la scuola:<\/h4>\n<p>il coordinatore legge ai partecipanti:<\/p>\n<p>Alcune scuole in tutto il mondo stanno sviluppando un approccio interculturale (ad esempio, nei loro documenti pubblici, sui loro siti, nelle loro attivit\u00e0 ufficiali, nella loro struttura organizzativa, in cooperazione con altre organizzazioni focalizzate sulla cittadinanza attiva, volontari) al fine di aiutare gli studenti a familiarizzare con la diversit\u00e0 e metterli in grado di sviluppare attitudini, abilit\u00e0 e conoscenze necessarie per interagire in modo efficace e appropriato in diverse situazioni interculturali. Nelle altre postazioni andrete nei dettagli su cosa accade pi\u00f9 specificamente nelle attivit\u00e0 e nei progetti cross-curricolari, cosa pu\u00f2 essere fatto in lezioni specifiche e come gli scambi possono essere promossi e valorizzati.<br \/>\nQui ci concentriamo su un approccio generale, che coinvolge l&#8217;intera scuola, e forse anche la comunit\u00e0 in cui \u00e8 inserita la scuola. Quali esempi potete portare sull&#8217;approccio interculturale proposto dalla vostra scuola?[\/vc_column_text][\/vc_column][vc_column width=&#8221;1\/2&#8243;][vc_column_text]<\/p>\n<h4><b>Attivit\u00e0 interdisciplinari <\/b><span style=\"font-weight: 400;\">\u00a0<\/span><\/h4>\n<p><span style=\"font-weight: 400;\">il coordinatore legge ai partecipanti:<\/span><\/p>\n<p>Alcune scuole in tutto il mondo stanno sviluppando un approccio interculturale per aiutare gli studenti a familiarizzare con la diversit\u00e0, consapevoli che esistono diverse priorit\u00e0, valori, approcci per affrontare la realt\u00e0. Le attivit\u00e0 interculturali extracurriculari sono spesso viste come un modo per aumentare l&#8217;inclusivit\u00e0 del gruppo e portare valori di rispetto, curiosit\u00e0 ed empatia all&#8217;interno della classe o di un gruppo di studenti.<br \/>\nHai esempi che vorresti condividere con altri?[\/vc_column_text][\/vc_column][\/vc_row][vc_row][vc_column width=&#8221;1\/2&#8243;][vc_column_text]<\/p>\n<h4>Materie specifiche<\/h4>\n<p>il coordinatore legge ai partecipanti:<\/p>\n<p>Alcune scuole in tutto il mondo stanno cercando di sviluppare un approccio interculturale all&#8217;interno delle materie che insegnano al fine di rendere gli studenti consapevoli che spesso ci sono diversi punti di vista e \/ o approcci diversi agli argomenti studiati nelle loro materie. Esempi chiari di questo possono essere nelle lingue straniere e native, nella storia, nella geografia, nelle scienze sociali e cos\u00ec via.<br \/>\nHai esempi che vorresti condividere con altri?[\/vc_column_text][\/vc_column][vc_column width=&#8221;1\/2&#8243;][vc_column_text]<\/p>\n<h4><b>Programmi di mobilit\u00e0 <\/b><\/h4>\n<p><span style=\"font-weight: 400;\">Il coordinatore legge ai partecipanti:<\/span><\/p>\n<p>Gli scambi individuali o di gruppo per studenti e insegnanti (in cui studenti o insegnanti si recano temporaneamente in un altro luogo &#8211; di solito in un altro paese &#8211; per apprendere) sono uno dei modi pi\u00f9 efficaci per promuovere l&#8217;educazione interculturale. Attraverso gli scambi, i partecipanti possono lavorare insieme con i colleghi, praticare altre lingue e osservare e sperimentare comportamenti e valori tipici della comunit\u00e0 ospitante. Inoltre sviluppano amicizie internazionali e sensibilit\u00e0 culturale man mano che diventano in grado di capire cosa c&#8217;\u00e8 dietro le differenze culturali. Alcuni insegnanti \/ scuole hanno molta esperienza nel guidare queste esperienze come veri percorsi di apprendimento che sono preziosi non solo per il partecipante ma per l&#8217;intera comunit\u00e0 educativa.<br \/>\nHai esempi che vorresti condividere con altri?[\/vc_column_text][\/vc_column][\/vc_row][vc_row][vc_column][vc_column_text]<\/p>\n<h3><span style=\"font-weight: 400;\">ATTIVIT\u00c0 5 &#8211; <a href=\"https:\/\/intercultural-learning.eu\/it\/evaluation-methods\/\" target=\"_blank\" rel=\"noopener\">VALUTAZIONE VISIVA<\/a> (15 MIN)<\/span><\/h3>\n<p>(attivit\u00e0 suggerita &#8211; La valigia)<\/p>\n<p>&nbsp;<\/p>\n<ul>\n<li style=\"font-weight: 400;\">Alla fine di ogni sessione, scegli uno dei metodi di valutazione visiva. Questo ti dar\u00e0 un feedback immediato sull&#8217;apprezzamento del lavoro svolto.<\/li>\n<li style=\"font-weight: 400;\">I metodi di valutazione visiva sono ottimi esempi di qualcosa che gli insegnanti possono proporre dopo aver svolto attivit\u00e0 di apprendimento interculturale nelle loro classi, come metodo per raccogliere impressioni e feedback dagli studenti.<\/li>\n<li style=\"font-weight: 400;\">Utilizza questa opportunit\u00e0 per rivedere e chiarire eventualmente gli aspetti confusi o poco chiari dei contenuti o delle attivit\u00e0 della sessione formativa.<\/li>\n<\/ul>\n<p>[\/vc_column_text][\/vc_column][\/vc_row]<\/p>\n","protected":false},"excerpt":{"rendered":"<p>[vc_row][vc_column][vc_column_text] APPRENDIMENTO INTERCULTURALE NELL\u2019 EDUCAZIONE [\/vc_column_text][\/vc_column][\/vc_row][vc_row][vc_column][vc_column_text] Tempo richiesto: 120 minuti [\/vc_column_text][\/vc_column][\/vc_row][vc_row][vc_column width=&#8221;1\/3&#8243;][vc_column_text] Obiettivi di apprendimento: Alla fine di questa sessione, i partecipanti saranno in grado di creare collegamenti tra le linee guida istituzionali sull&#8217;apprendimento interculturale e il loro contesto educativo. consapevoli di come l&#8217;apprendimento interculturale viene affrontato nelle diverse realt\u00e0 scolastiche e ed avere suggerimenti [&hellip;]<\/p>\n","protected":false},"author":1,"featured_media":0,"parent":3299,"menu_order":0,"comment_status":"closed","ping_status":"closed","template":"","meta":{"_themeisle_gutenberg_block_has_review":false,"footnotes":""},"class_list":["post-3487","page","type-page","status-publish","hentry"],"_links":{"self":[{"href":"https:\/\/intercultural-learning.eu\/it\/wp-json\/wp\/v2\/pages\/3487\/"}],"collection":[{"href":"https:\/\/intercultural-learning.eu\/it\/wp-json\/wp\/v2\/pages\/"}],"about":[{"href":"https:\/\/intercultural-learning.eu\/it\/wp-json\/wp\/v2\/types\/page\/"}],"author":[{"embeddable":true,"href":"https:\/\/intercultural-learning.eu\/it\/wp-json\/wp\/v2\/users\/1\/"}],"replies":[{"embeddable":true,"href":"https:\/\/intercultural-learning.eu\/it\/wp-json\/wp\/v2\/comments\/?post=3487"}],"version-history":[{"count":6,"href":"https:\/\/intercultural-learning.eu\/it\/wp-json\/wp\/v2\/pages\/3487\/revisions\/"}],"predecessor-version":[{"id":3524,"href":"https:\/\/intercultural-learning.eu\/it\/wp-json\/wp\/v2\/pages\/3487\/revisions\/3524\/"}],"up":[{"embeddable":true,"href":"https:\/\/intercultural-learning.eu\/it\/wp-json\/wp\/v2\/pages\/3299\/"}],"wp:attachment":[{"href":"https:\/\/intercultural-learning.eu\/it\/wp-json\/wp\/v2\/media\/?parent=3487"}],"curies":[{"name":"wp","href":"https:\/\/api.w.org\/{rel}","templated":true}]}}