{"id":6899,"date":"2025-11-24T15:57:08","date_gmt":"2025-11-24T14:57:08","guid":{"rendered":"https:\/\/intercultural-learning.eu\/developing-valuesdevelopper-des-valeurs\/"},"modified":"2025-11-24T16:29:23","modified_gmt":"2025-11-24T15:29:23","slug":"developing-valuesdevelopper-des-valeurs","status":"publish","type":"page","link":"https:\/\/intercultural-learning.eu\/fr\/developing-valuesdevelopper-des-valeurs\/","title":{"rendered":"D\u00e9velopper des valeurs"},"content":{"rendered":"\n<p>L&rsquo;internationalisation de l&rsquo;enseignement scolaire d\u00e9veloppe la citoyennet\u00e9 mondiale des \u00e9l\u00e8ves, les pr\u00e9parant \u00e0 participer activement \u00e0 la vie de nos soci\u00e9t\u00e9s multiculturelles et \u00e0 contribuer \u00e0 une culture plus pacifique et d\u00e9mocratique. Le d\u00e9veloppement des valeurs de citoyennet\u00e9 mondiale (universalisme) est un \u00e9l\u00e9ment essentiel de ce processus. <\/p>\n\n\n\n<p><strong>D\u00e9couvrez comment promouvoir les valeurs et les comportements de citoyennet\u00e9 mondiale, notamment en int\u00e9grant les dimensions internationales et interculturelles dans votre \u00e9tablissement.<\/strong> <\/p>\n\n\n\n<p>Pour une introduction et une application rapides, visionnez notre courte vid\u00e9o d&rsquo;animation ici:<\/p>\n\n\n\n<div class=\"wp-block-columns is-layout-flex wp-container-core-columns-is-layout-3 wp-block-columns-is-layout-flex\">\n<div class=\"wp-block-column is-layout-flow wp-block-column-is-layout-flow\">\n<div class=\"wp-block-columns is-layout-flex wp-container-core-columns-is-layout-2 wp-block-columns-is-layout-flex\">\n<div class=\"wp-block-column is-layout-flow wp-block-column-is-layout-flow\">\n<div class=\"wp-block-columns is-layout-flex wp-container-core-columns-is-layout-1 wp-block-columns-is-layout-flex\">\n<div class=\"wp-block-column is-layout-flow wp-block-column-is-layout-flow\" style=\"flex-basis:25%\">\n<div style=\"height:100px\" aria-hidden=\"true\" class=\"wp-block-spacer\"><\/div>\n<\/div>\n\n\n\n<div class=\"wp-block-column is-layout-flow wp-block-column-is-layout-flow\" style=\"flex-basis:50%\">\n<figure class=\"wp-block-video\"><video controls src=\"https:\/\/intercultural-learning.eu\/wp-content\/uploads\/2025\/09\/EFIL-Values-Video-6.mp4\"><\/video><\/figure>\n<\/div>\n\n\n\n<div class=\"wp-block-column is-layout-flow wp-block-column-is-layout-flow\" style=\"flex-basis:25%\">\n<div style=\"height:260px\" aria-hidden=\"true\" class=\"wp-block-spacer\"><\/div>\n<\/div>\n<\/div>\n<\/div>\n<\/div>\n<\/div>\n<\/div>\n\n\n\n<div style=\"height:32px\" aria-hidden=\"true\" class=\"wp-block-spacer\"><\/div>\n\n\n\n<p class=\"has-text-align-center\"><strong>Testez vos connaissances:<\/strong><\/p>\n\n\n\n<div class=\"wp-block-columns is-layout-flex wp-container-core-columns-is-layout-4 wp-block-columns-is-layout-flex\">\n<div class=\"wp-block-column is-layout-flow wp-block-column-is-layout-flow\" style=\"flex-basis:25%\">\n<div style=\"height:100px\" aria-hidden=\"true\" class=\"wp-block-spacer\"><\/div>\n<\/div>\n\n\n\n<div class=\"wp-block-column is-layout-flow wp-block-column-is-layout-flow\" style=\"flex-basis:50%\">\n<figure class=\"wp-block-video\"><video controls src=\"https:\/\/intercultural-learning.eu\/wp-content\/uploads\/2025\/09\/EFIL-Values-Video-Quiz-1.mp4\"><\/video><\/figure>\n<\/div>\n\n\n\n<div class=\"wp-block-column is-layout-flow wp-block-column-is-layout-flow\" style=\"flex-basis:25%\">\n<div style=\"height:100px\" aria-hidden=\"true\" class=\"wp-block-spacer\"><\/div>\n<\/div>\n<\/div>\n\n\n\n<div style=\"height:43px\" aria-hidden=\"true\" class=\"wp-block-spacer\"><\/div>\n\n\n\n<p><a href=\"https:\/\/eur03.safelinks.protection.outlook.com\/?url=https%3A%2F%2Fintercultural-learning.eu%2Fwhat-are-values%2F&amp;data=05%7C02%7CRebekah.Cooper.2023%40live.rhul.ac.uk%7Cec21502c213b4336ec8f08ddf4752512%7C2efd699a19224e69b601108008d28a2e%7C0%7C0%7C638935506157100486%7CUnknown%7CTWFpbGZsb3d8eyJFbXB0eU1hcGkiOnRydWUsIlYiOiIwLjAuMDAwMCIsIlAiOiJXaW4zMiIsIkFOIjoiTWFpbCIsIldUIjoyfQ%3D%3D%7C0%7C%7C%7C&amp;sdata=68yMk1OalXdw8%2BD78z60bIjhgA0Y1Ya%2BQL53SLqGBhk%3D&amp;reserved=0\">Que sont les valeurs?<\/a> offre une introduction \u00e0 la th\u00e9orie des valeurs et au principal mod\u00e8le de valeurs, \u00e0 savoir <a href=\"https:\/\/eur03.safelinks.protection.outlook.com\/?url=https%3A%2F%2Fintercultural-learning.eu%2Fwhat-are-values%2F&amp;data=05%7C02%7CRebekah.Cooper.2023%40live.rhul.ac.uk%7Cec21502c213b4336ec8f08ddf4752512%7C2efd699a19224e69b601108008d28a2e%7C0%7C0%7C638935506157121022%7CUnknown%7CTWFpbGZsb3d8eyJFbXB0eU1hcGkiOnRydWUsIlYiOiIwLjAuMDAwMCIsIlAiOiJXaW4zMiIsIkFOIjoiTWFpbCIsIldUIjoyfQ%3D%3D%7C0%7C%7C%7C&amp;sdata=JrGblrzXNtdsQJKjHFdrNjvDDo%2Bd%2FnuveU9c7YWG8d8%3D&amp;reserved=0\">le mod\u00e8le des valeurs de Schwartz<\/a>.\n\nLa bo\u00eete \u00e0 outils <a href=\"https:\/\/eur03.safelinks.protection.outlook.com\/?url=https%3A%2F%2Fintercultural-learning.eu%2Fvalues-toolkit%2F&amp;data=05%7C02%7CRebekah.Cooper.2023%40live.rhul.ac.uk%7Cec21502c213b4336ec8f08ddf4752512%7C2efd699a19224e69b601108008d28a2e%7C0%7C0%7C638935506157135105%7CUnknown%7CTWFpbGZsb3d8eyJFbXB0eU1hcGkiOnRydWUsIlYiOiIwLjAuMDAwMCIsIlAiOiJXaW4zMiIsIkFOIjoiTWFpbCIsIldUIjoyfQ%3D%3D%7C0%7C%7C%7C&amp;sdata=9Rv5j0IaYfO2KhkduNeR2Q%2BekAKNlXDYjhFqeV%2Fei%2FI%3D&amp;reserved=0\">Values \u200b\u200bToolkit<\/a> fournit des ressources sur la fa\u00e7on de favoriser le d\u00e9veloppement des valeurs et des comportements de citoyennet\u00e9 mondiale dans votre classe et votre communaut\u00e9 scolaire.<\/p>\n\n\n\n<p><\/p>\n\n\n\n<p>Le site web <a href=\"https:\/\/eur03.safelinks.protection.outlook.com\/?url=http%3A%2F%2Finterculutral-learning.eu%2F&amp;data=05%7C02%7CRebekah.Cooper.2023%40live.rhul.ac.uk%7Cec21502c213b4336ec8f08ddf4752512%7C2efd699a19224e69b601108008d28a2e%7C0%7C0%7C638935506157148988%7CUnknown%7CTWFpbGZsb3d8eyJFbXB0eU1hcGkiOnRydWUsIlYiOiIwLjAuMDAwMCIsIlAiOiJXaW4zMiIsIkFOIjoiTWFpbCIsIldUIjoyfQ%3D%3D%7C0%7C%7C%7C&amp;sdata=957g29C0ksdcNKSyvS9yzllbSNrZr9kwjehea4v%2BjwE%3D&amp;reserved=0\">intercultural-learning.eu<\/a> propose des ressources pour les enseignants et le personnel scolaire dans le cadre d&rsquo;une approche globale de l&rsquo;\u00e9tablissement et est bas\u00e9 sur <a href=\"https:\/\/eur03.safelinks.protection.outlook.com\/?url=https%3A%2F%2Frm.coe.int%2F16806ccc0c&amp;data=05%7C02%7CRebekah.Cooper.2023%40live.rhul.ac.uk%7Cec21502c213b4336ec8f08ddf4752512%7C2efd699a19224e69b601108008d28a2e%7C0%7C0%7C638935506157162346%7CUnknown%7CTWFpbGZsb3d8eyJFbXB0eU1hcGkiOnRydWUsIlYiOiIwLjAuMDAwMCIsIlAiOiJXaW4zMiIsIkFOIjoiTWFpbCIsIldUIjoyfQ%3D%3D%7C0%7C%7C%7C&amp;sdata=WTcwVo%2F1wR9fp5zfUd9V4cJo00tgWsGJR6Eatm3L5A8%3D&amp;reserved=0\">un mod\u00e8le conceptuel de comp\u00e9tences<\/a> d\u00e9velopp\u00e9 par le Conseil de l&rsquo;Europe.\n\nLes comp\u00e9tences englobent les valeurs, les attitudes, les aptitudes, les connaissances et la compr\u00e9hension critique. Le mod\u00e8le des valeurs vise \u00e0 promouvoir trois valeurs essentielles pour permettre aux apprenants de participer pleinement \u00e0 la vie d\u00e9mocratique et de vivre en paix au sein de soci\u00e9t\u00e9s d\u00e9mocratiques multiculturelles.<\/p>\n\n\n\n<div id=\"wp-block-themeisle-blocks-button-group-4760ed90\" class=\"wp-block-themeisle-blocks-button-group wp-block-buttons align-center-desktop\">\n<div id=\"wp-block-themeisle-blocks-button-0e1edd71\" class=\"wp-block-themeisle-blocks-button wp-block-button\"><a href=\"https:\/\/school-education.ec.europa.eu\/en\/discover\/expert-views\/global-citizenship-values-through-teaching-and-mobility\" target=\"_blank\" rel=\"noopener noreferrer\" class=\"wp-block-button__link\"><span>Lisez notre article d&rsquo;expert ici<\/span><\/a><\/div>\n<\/div>\n\n\n\n<hr class=\"wp-block-separator has-alpha-channel-opacity\"\/>\n\n\n<h6><span style=\"color: #808080;\">Cette page web a \u00e9t\u00e9 cr\u00e9\u00e9e en 2025 par la professeure Anat Bardi et son \u00e9quipe (Rebekah Cooper, Lina Vergopoulos and Saskia Schonberger) \u00e0 partir de ses propres recherches et de celles d&rsquo;autres chercheurs, dans le cadre d&rsquo;un projet financ\u00e9 par le Conseil de recherche \u00e9conomique et sociale (ESRC). Les droits d&rsquo;auteur de cette page web appartiennent \u00e0 Royal Holloway et Bedford New College et sont soumis \u00e0 la licence Creative Commons CC BY-NC-ND.<\/span><\/h6>\n\n\n<p><\/p>\n","protected":false},"excerpt":{"rendered":"<p>L&rsquo;internationalisation de l&rsquo;enseignement scolaire d\u00e9veloppe la citoyennet\u00e9 mondiale des \u00e9l\u00e8ves, les pr\u00e9parant \u00e0 participer activement \u00e0 la vie de nos soci\u00e9t\u00e9s multiculturelles et \u00e0 contribuer \u00e0 une culture plus pacifique et d\u00e9mocratique. Le d\u00e9veloppement des valeurs de citoyennet\u00e9 mondiale (universalisme) est un \u00e9l\u00e9ment essentiel de ce processus. D\u00e9couvrez comment promouvoir les valeurs et les comportements [&hellip;]<\/p>\n","protected":false},"author":1,"featured_media":0,"parent":0,"menu_order":0,"comment_status":"closed","ping_status":"closed","template":"","meta":{"_themeisle_gutenberg_block_has_review":false,"footnotes":""},"class_list":["post-6899","page","type-page","status-publish","hentry"],"_links":{"self":[{"href":"https:\/\/intercultural-learning.eu\/fr\/wp-json\/wp\/v2\/pages\/6899\/"}],"collection":[{"href":"https:\/\/intercultural-learning.eu\/fr\/wp-json\/wp\/v2\/pages\/"}],"about":[{"href":"https:\/\/intercultural-learning.eu\/fr\/wp-json\/wp\/v2\/types\/page\/"}],"author":[{"embeddable":true,"href":"https:\/\/intercultural-learning.eu\/fr\/wp-json\/wp\/v2\/users\/1\/"}],"replies":[{"embeddable":true,"href":"https:\/\/intercultural-learning.eu\/fr\/wp-json\/wp\/v2\/comments\/?post=6899"}],"version-history":[{"count":3,"href":"https:\/\/intercultural-learning.eu\/fr\/wp-json\/wp\/v2\/pages\/6899\/revisions\/"}],"predecessor-version":[{"id":6907,"href":"https:\/\/intercultural-learning.eu\/fr\/wp-json\/wp\/v2\/pages\/6899\/revisions\/6907\/"}],"wp:attachment":[{"href":"https:\/\/intercultural-learning.eu\/fr\/wp-json\/wp\/v2\/media\/?parent=6899"}],"curies":[{"name":"wp","href":"https:\/\/api.w.org\/{rel}","templated":true}]}}