{"id":3337,"date":"2018-09-17T16:03:06","date_gmt":"2018-09-17T14:03:06","guid":{"rendered":"http:\/\/intercultural-learning.eu\/formation-denseignants\/agenda-trois-jours\/evaluation-de-la-competence-interculturelle\/"},"modified":"2018-09-20T11:55:10","modified_gmt":"2018-09-20T09:55:10","slug":"evaluation-de-la-competence-interculturelle","status":"publish","type":"page","link":"https:\/\/intercultural-learning.eu\/fr\/formation-denseignants\/agenda-trois-jours\/evaluation-de-la-competence-interculturelle\/","title":{"rendered":"Evaluation de la comp\u00e9tence interculturelle"},"content":{"rendered":"<p>[vc_row][vc_column][vc_column_text]<\/p>\n<h1><span style=\"font-weight: 400;\">Evaluation de la comp\u00e9tence interculturelle<\/span><\/h1>\n<p>[\/vc_column_text][\/vc_column][\/vc_row][vc_row][vc_column][vc_column_text]<\/p>\n<h4><b>Temps requis <\/b><span style=\"font-weight: 400;\">90 minutes<\/span><\/h4>\n<p>[\/vc_column_text][\/vc_column][\/vc_row][vc_row][vc_column width=\u00a0\u00bb1\/3&Prime;][vc_column_text]<\/p>\n<h3><b>Objectifs d&rsquo;apprentissage<\/b><\/h3>\n<p><span style=\"font-weight: 400;\">A la fin de la session, les participants seront:<\/span><\/p>\n<ol>\n<li style=\"font-weight: 400;\"><span style=\"font-weight: 400;\">Conscients que l&rsquo;\u00e9valuation des comp\u00e9tences interculturelles est une t\u00e2che complexe qui requiert plusieurs perspectives pour \u00eatre mise en oeuvre<\/span><\/li>\n<li style=\"font-weight: 400;\"><span style=\"font-weight: 400;\">Capables de d\u00e9finir les comp\u00e9tences interculturelles et les indicateurs pour les \u00e9valuer<\/span><\/li>\n<\/ol>\n<p>[\/vc_column_text][\/vc_column][vc_column width=\u00a0\u00bb1\/3&Prime;][vc_column_text]<\/p>\n<h3><b>Buts de la session<\/b><\/h3>\n<ul>\n<li style=\"font-weight: 400;\"><span style=\"font-weight: 400;\">R\u00e9fl\u00e9chir sur le processus d&rsquo;apprentissage interculturel,<\/span><\/li>\n<li style=\"font-weight: 400;\"><span style=\"font-weight: 400;\">D\u00e9finir les outils possibles pour \u00e9valuer la comp\u00e9tence interculturelle<\/span><\/li>\n<\/ul>\n<p>[\/vc_column_text][\/vc_column][vc_column width=\u00a0\u00bb1\/3&Prime;][vc_column_text]<\/p>\n<h3><b>Am\u00e9nagement de l&rsquo;espace<\/b><\/h3>\n<ul>\n<li style=\"font-weight: 400;\"><span style=\"font-weight: 400;\">Chaises en demi-cercle<\/span><\/li>\n<li style=\"font-weight: 400;\"><span style=\"font-weight: 400;\">Un espace o\u00f9 les participants peuvent se d\u00e9placer librement<\/span><\/li>\n<\/ul>\n<p>[\/vc_column_text][\/vc_column][\/vc_row][vc_row][vc_column width=\u00a0\u00bb2\/3&Prime;][vc_column_text]<\/p>\n<h3><b>Mat\u00e9riel n\u00e9cessaire<\/b><\/h3>\n<ul>\n<li style=\"font-weight: 400;\"><span style=\"font-weight: 400;\">Un ordinateur avec une connexion Internet<\/span><\/li>\n<li style=\"font-weight: 400;\"><span style=\"font-weight: 400;\">Un paper-board (avec assez de feuilles)<\/span><\/li>\n<li style=\"font-weight: 400;\"><span style=\"font-weight: 400;\">Des marqueurs de couleu<\/span><\/li>\n<li style=\"font-weight: 400;\"><span style=\"font-weight: 400;\"> Des feuilles de papier A4 et des stylos<\/span><\/li>\n<li style=\"font-weight: 400;\">Pr\u00e9sentation PowerPoint \u00ab\u00a0<a href=\"http:\/\/intercultural-learning.eu\/wp-content\/uploads\/2018\/09\/WEB-4-Evaluation-de-la-comp\u00e9tence-interculturelle.pdf\" target=\"_blank\" rel=\"noopener\">Indices d&rsquo;\u00e9valuation de la comp\u00e9tence interculturelle<\/a>\u00ab\u00a0<\/li>\n<\/ul>\n<p>[\/vc_column_text][\/vc_column][vc_column width=\u00a0\u00bb1\/3&Prime;][vc_column_text]<\/p>\n<h3><b>Pr\u00e9paration au pr\u00e9alable<\/b><\/h3>\n<p><span style=\"font-weight: 400;\">Avant la formation, l&rsquo;animateur doit \u00eatre familier avec la structure et les activit\u00e9s de la bo\u00eete \u00e0 outils.<\/span>[\/vc_column_text][\/vc_column][\/vc_row][vc_row][vc_column][vc_column_text]<\/p>\n<h2><b>Description de la session pas \u00e0 pas<\/b><\/h2>\n<p>[\/vc_column_text][\/vc_column][\/vc_row][vc_row][vc_column][vc_column_text]<\/p>\n<h3><span style=\"font-weight: 400;\">ACTIVIT\u00c9 1 : <a href=\"https:\/\/intercultural-learning.eu\/teacher-training\/intercultural-learning-at-school\/three-day-agenda\/hints-for-assessment-of-intercultural-competence\/the-game-of-squares\/\" target=\"_blank\" rel=\"noopener\">LE JEU DES CARR\u00c9S<\/a> (30 MINS)<\/span><\/h3>\n<ol>\n<li style=\"font-weight: 400;\"><span style=\"font-weight: 400;\">Utilisez le jeu des carr\u00e9s pour se reconcentrer sur le processus d&rsquo;apprentissage interculturel<\/span><\/li>\n<li style=\"font-weight: 400;\"><span style=\"font-weight: 400;\">Utilisez le mod\u00e8le de Darla Deardorff sur le d\u00e9veloppement de la comp\u00e9tence interculturelle pour faire le lien, lors du d\u00e9briefing du Jeu des Carr\u00e9s<\/span><\/li>\n<li style=\"font-weight: 400;\"><span style=\"font-weight: 400;\">Pr\u00e9sentez le Mod\u00e8le Papillon des comp\u00e9tences du Conseil de l&rsquo;Europe \u00ab\u00a0<a href=\"https:\/\/rm.coe.int\/16806ccc07\" target=\"_blank\" rel=\"noopener\">Comp\u00e9tences pour une culture d\u00e9mocratique<\/a>\u00ab\u00a0<\/span><\/li>\n<\/ol>\n<p>[\/vc_column_text][\/vc_column][\/vc_row][vc_row][vc_column][vc_column_text]<\/p>\n<h3><span style=\"font-weight: 400;\">ACTIVITE 2 \u2013 REFLEXION PERSONNELLE SUR L&rsquo;\u00c9VALUATION DE LA COMPETENCE INTERCULTURELLE (30 MINS)<\/span><\/h3>\n<ol>\n<li style=\"font-weight: 400;\"><span style=\"font-weight: 400;\">Demandez aux participants de former des couples ou petits groupes avec leurs voisins<\/span><\/li>\n<li style=\"font-weight: 400;\"><span style=\"font-weight: 400;\">Demandez-leur de r\u00e9fl\u00e9chir quelles attitudes, comp\u00e9tences, connaissances, compr\u00e9hensions et valeurs ils ont abord\u00e9es lors de la formation et sur lesquelles ils ont le plus de connaissances maintenant.<\/span><\/li>\n<li style=\"font-weight: 400;\"><span style=\"font-weight: 400;\">Demandez-leur de faire des suggestions sur quels indicateurs doivent \u00eatre pris en compte pour \u00e9valuer ces nouvelles comp\u00e9tences ou celles acquises. \u00a0<\/span><\/li>\n<li style=\"font-weight: 400;\"><span style=\"font-weight: 400;\">Ecrivez les mots cl\u00e9 sur le paper-board<\/span><\/li>\n<\/ol>\n<p>[\/vc_column_text][\/vc_column][\/vc_row][vc_row][vc_column][vc_column_text]<\/p>\n<h3><span style=\"font-weight: 400;\">ACTIVIT\u00c9 3 \u2013 INDICES DE L&rsquo;\u00c9VALUATION DE LA <a href=\"https:\/\/intercultural-learning.eu\/fr\/quest-ce-que-la-competence-interculturelle\/\" target=\"_blank\" rel=\"noopener\">COMP\u00c9TENCE INTERCULTURELLE<\/a> (30 MINS)<\/span><\/h3>\n<ol>\n<li style=\"font-weight: 400;\"><span style=\"font-weight: 400;\">Rappelez aux participants que l&rsquo;acquisition des comp\u00e9tences interculturelles est un processus d&rsquo;apprentissage \u00e0 vie, qui apporte les meilleurs r\u00e9sultats \u00e0 travers un apprentissage bas\u00e9 sur l&rsquo;exp\u00e9rience intentionnelle, planifi\u00e9e et facilit\u00e9e (<\/span><i><span style=\"font-weight: 400;\">Kolb, Experiential Learning Cycle<\/span><\/i><span style=\"font-weight: 400;\">).<\/span><\/li>\n<li style=\"font-weight: 400;\"><span style=\"font-weight: 400;\">Soulignez le fait que l&rsquo;exposition et l&rsquo;interaction avec des personnes d\u2019origines culturelles diff\u00e9rentes n&rsquo;implique pas, ni ne garantit, l&rsquo;apprentissage interculturel \u00a0<\/span><\/li>\n<li style=\"font-weight: 400;\"><span style=\"font-weight: 400;\">L&rsquo;\u00e9valuation des comp\u00e9tences interculturelles, tout comme avec un autre comportement ou une comp\u00e9tence bas\u00e9e sur l&rsquo;aptitude, est une t\u00e2che complexe qui ne peut \u00eatre obtenue par des proc\u00e9dures standards.<\/span><\/li>\n<li style=\"font-weight: 400;\">Utilisez la pr\u00e9sentation PowerPoint \u00ab\u00a0<a href=\"http:\/\/intercultural-learning.eu\/wp-content\/uploads\/2018\/09\/WEB-4-Evaluation-de-la-comp\u00e9tence-interculturelle.pdf\" target=\"_blank\" rel=\"noopener\">Indices d&rsquo;\u00e9valuation de la comp\u00e9tence interculturelle<\/a>\u00a0\u00bb pour aborder ce sujet<\/li>\n<\/ol>\n<p>[\/vc_column_text][\/vc_column][\/vc_row]<\/p>\n","protected":false},"excerpt":{"rendered":"<p>[vc_row][vc_column][vc_column_text] Evaluation de la comp\u00e9tence interculturelle [\/vc_column_text][\/vc_column][\/vc_row][vc_row][vc_column][vc_column_text] Temps requis 90 minutes [\/vc_column_text][\/vc_column][\/vc_row][vc_row][vc_column width=\u00a0\u00bb1\/3&Prime;][vc_column_text] Objectifs d&rsquo;apprentissage A la fin de la session, les participants seront: Conscients que l&rsquo;\u00e9valuation des comp\u00e9tences interculturelles est une t\u00e2che complexe qui requiert plusieurs perspectives pour \u00eatre mise en oeuvre Capables de d\u00e9finir les comp\u00e9tences interculturelles et les indicateurs pour les \u00e9valuer [&hellip;]<\/p>\n","protected":false},"author":1,"featured_media":0,"parent":3294,"menu_order":0,"comment_status":"closed","ping_status":"closed","template":"","meta":{"_themeisle_gutenberg_block_has_review":false,"footnotes":""},"class_list":["post-3337","page","type-page","status-publish","hentry"],"_links":{"self":[{"href":"https:\/\/intercultural-learning.eu\/fr\/wp-json\/wp\/v2\/pages\/3337\/"}],"collection":[{"href":"https:\/\/intercultural-learning.eu\/fr\/wp-json\/wp\/v2\/pages\/"}],"about":[{"href":"https:\/\/intercultural-learning.eu\/fr\/wp-json\/wp\/v2\/types\/page\/"}],"author":[{"embeddable":true,"href":"https:\/\/intercultural-learning.eu\/fr\/wp-json\/wp\/v2\/users\/1\/"}],"replies":[{"embeddable":true,"href":"https:\/\/intercultural-learning.eu\/fr\/wp-json\/wp\/v2\/comments\/?post=3337"}],"version-history":[{"count":3,"href":"https:\/\/intercultural-learning.eu\/fr\/wp-json\/wp\/v2\/pages\/3337\/revisions\/"}],"predecessor-version":[{"id":3482,"href":"https:\/\/intercultural-learning.eu\/fr\/wp-json\/wp\/v2\/pages\/3337\/revisions\/3482\/"}],"up":[{"embeddable":true,"href":"https:\/\/intercultural-learning.eu\/fr\/wp-json\/wp\/v2\/pages\/3294\/"}],"wp:attachment":[{"href":"https:\/\/intercultural-learning.eu\/fr\/wp-json\/wp\/v2\/media\/?parent=3337"}],"curies":[{"name":"wp","href":"https:\/\/api.w.org\/{rel}","templated":true}]}}