{"id":6903,"date":"2025-11-24T16:25:39","date_gmt":"2025-11-24T15:25:39","guid":{"rendered":"https:\/\/intercultural-learning.eu\/werteentwicklung-values\/"},"modified":"2025-11-24T16:30:51","modified_gmt":"2025-11-24T15:30:51","slug":"werteentwicklung-values","status":"publish","type":"page","link":"https:\/\/intercultural-learning.eu\/de\/werteentwicklung-values\/","title":{"rendered":"Werteentwicklung Values"},"content":{"rendered":"\n<p>Die Internationalisierung der Schulbildung f\u00f6rdert das globale B\u00fcrgerbewusstsein der Sch\u00fclerinnen und Sch\u00fcler und bef\u00e4higt sie zur aktiven Teilhabe an unserer kulturell vielf\u00e4ltigen Gesellschaft sowie zu einem Beitrag zu einer friedlicheren und demokratischeren Kultur. Die Entwicklung globaler B\u00fcrgerwerte (Universalismus) ist ein wesentlicher Bestandteil dieses Prozesses.<\/p>\n\n\n\n<p><strong>Erfahren Sie, wie Sie globale B\u00fcrgerwerte und -verhaltensweisen f\u00f6rdern k\u00f6nnen, unter anderem durch die Einbeziehung internationaler und interkultureller Aspekte in Ihren Schulunterricht. <\/strong><\/p>\n\n\n\n<p>Eine kurze Einf\u00fchrung und Anwendungshinweise finden Sie in unserem kurzen animierten Videoclip hier:<\/p>\n\n\n\n<div style=\"height:18px\" aria-hidden=\"true\" class=\"wp-block-spacer\"><\/div>\n\n\n\n<div class=\"wp-block-columns is-layout-flex wp-container-core-columns-is-layout-3 wp-block-columns-is-layout-flex\">\n<div class=\"wp-block-column is-layout-flow wp-block-column-is-layout-flow\">\n<div class=\"wp-block-columns is-layout-flex wp-container-core-columns-is-layout-2 wp-block-columns-is-layout-flex\">\n<div class=\"wp-block-column is-layout-flow wp-block-column-is-layout-flow\">\n<div class=\"wp-block-columns is-layout-flex wp-container-core-columns-is-layout-1 wp-block-columns-is-layout-flex\">\n<div class=\"wp-block-column is-layout-flow wp-block-column-is-layout-flow\" style=\"flex-basis:25%\">\n<div style=\"height:100px\" aria-hidden=\"true\" class=\"wp-block-spacer\"><\/div>\n<\/div>\n\n\n\n<div class=\"wp-block-column is-layout-flow wp-block-column-is-layout-flow\" style=\"flex-basis:50%\">\n<figure class=\"wp-block-video\"><video controls src=\"https:\/\/intercultural-learning.eu\/wp-content\/uploads\/2025\/09\/EFIL-Values-Video-6.mp4\"><\/video><\/figure>\n<\/div>\n\n\n\n<div class=\"wp-block-column is-layout-flow wp-block-column-is-layout-flow\" style=\"flex-basis:25%\">\n<div style=\"height:260px\" aria-hidden=\"true\" class=\"wp-block-spacer\"><\/div>\n<\/div>\n<\/div>\n<\/div>\n<\/div>\n<\/div>\n<\/div>\n\n\n\n<div style=\"height:32px\" aria-hidden=\"true\" class=\"wp-block-spacer\"><\/div>\n\n\n\n<p class=\"has-text-align-center\"><strong>Testen Sie Ihr Wissen:<\/strong><\/p>\n\n\n\n<div class=\"wp-block-columns is-layout-flex wp-container-core-columns-is-layout-4 wp-block-columns-is-layout-flex\">\n<div class=\"wp-block-column is-layout-flow wp-block-column-is-layout-flow\" style=\"flex-basis:25%\">\n<div style=\"height:100px\" aria-hidden=\"true\" class=\"wp-block-spacer\"><\/div>\n<\/div>\n\n\n\n<div class=\"wp-block-column is-layout-flow wp-block-column-is-layout-flow\" style=\"flex-basis:50%\">\n<figure class=\"wp-block-video\"><video controls src=\"https:\/\/intercultural-learning.eu\/wp-content\/uploads\/2025\/09\/EFIL-Values-Video-Quiz-1.mp4\"><\/video><\/figure>\n<\/div>\n\n\n\n<div class=\"wp-block-column is-layout-flow wp-block-column-is-layout-flow\" style=\"flex-basis:25%\">\n<div style=\"height:100px\" aria-hidden=\"true\" class=\"wp-block-spacer\"><\/div>\n<\/div>\n<\/div>\n\n\n\n<div style=\"height:43px\" aria-hidden=\"true\" class=\"wp-block-spacer\"><\/div>\n\n\n\n<p>\u201e<a href=\"https:\/\/eur03.safelinks.protection.outlook.com\/?url=https%3A%2F%2Fintercultural-learning.eu%2Fwhat-are-values%2F&amp;data=05%7C02%7CRebekah.Cooper.2023%40live.rhul.ac.uk%7Cec21502c213b4336ec8f08ddf4752512%7C2efd699a19224e69b601108008d28a2e%7C0%7C0%7C638935506157100486%7CUnknown%7CTWFpbGZsb3d8eyJFbXB0eU1hcGkiOnRydWUsIlYiOiIwLjAuMDAwMCIsIlAiOiJXaW4zMiIsIkFOIjoiTWFpbCIsIldUIjoyfQ%3D%3D%7C0%7C%7C%7C&amp;sdata=68yMk1OalXdw8%2BD78z60bIjhgA0Y1Ya%2BQL53SLqGBhk%3D&amp;reserved=0\">Was sind Werte?<\/a>\u201c bietet eine Einf\u00fchrung in die Werttheorie und das f\u00fchrende Wertemodell, n\u00e4mlich das <a href=\"https:\/\/eur03.safelinks.protection.outlook.com\/?url=https%3A%2F%2Fintercultural-learning.eu%2Fwhat-are-values%2F&amp;data=05%7C02%7CRebekah.Cooper.2023%40live.rhul.ac.uk%7Cec21502c213b4336ec8f08ddf4752512%7C2efd699a19224e69b601108008d28a2e%7C0%7C0%7C638935506157121022%7CUnknown%7CTWFpbGZsb3d8eyJFbXB0eU1hcGkiOnRydWUsIlYiOiIwLjAuMDAwMCIsIlAiOiJXaW4zMiIsIkFOIjoiTWFpbCIsIldUIjoyfQ%3D%3D%7C0%7C%7C%7C&amp;sdata=JrGblrzXNtdsQJKjHFdrNjvDDo%2Bd%2FnuveU9c7YWG8d8%3D&amp;reserved=0\">Schwartz-Wertemodell.<\/a>\n\n<a href=\"https:\/\/eur03.safelinks.protection.outlook.com\/?url=https%3A%2F%2Fintercultural-learning.eu%2Fvalues-toolkit%2F&amp;data=05%7C02%7CRebekah.Cooper.2023%40live.rhul.ac.uk%7Cec21502c213b4336ec8f08ddf4752512%7C2efd699a19224e69b601108008d28a2e%7C0%7C0%7C638935506157135105%7CUnknown%7CTWFpbGZsb3d8eyJFbXB0eU1hcGkiOnRydWUsIlYiOiIwLjAuMDAwMCIsIlAiOiJXaW4zMiIsIkFOIjoiTWFpbCIsIldUIjoyfQ%3D%3D%7C0%7C%7C%7C&amp;sdata=9Rv5j0IaYfO2KhkduNeR2Q%2BekAKNlXDYjhFqeV%2Fei%2FI%3D&amp;reserved=0\">Das Werte-Toolkit<\/a> bietet Ressourcen, wie Sie die Entwicklung globaler B\u00fcrgerwerte und -verhaltensweisen in Ihrem Klassenzimmer und Ihrer Schulgemeinschaft f\u00f6rdern k\u00f6nnen.<\/p>\n\n\n\n<p><\/p>\n\n\n\n<p>Die Website <a href=\"https:\/\/eur03.safelinks.protection.outlook.com\/?url=http%3A%2F%2Finterculutral-learning.eu%2F&amp;data=05%7C02%7CRebekah.Cooper.2023%40live.rhul.ac.uk%7Cec21502c213b4336ec8f08ddf4752512%7C2efd699a19224e69b601108008d28a2e%7C0%7C0%7C638935506157148988%7CUnknown%7CTWFpbGZsb3d8eyJFbXB0eU1hcGkiOnRydWUsIlYiOiIwLjAuMDAwMCIsIlAiOiJXaW4zMiIsIkFOIjoiTWFpbCIsIldUIjoyfQ%3D%3D%7C0%7C%7C%7C&amp;sdata=957g29C0ksdcNKSyvS9yzllbSNrZr9kwjehea4v%2BjwE%3D&amp;reserved=0\">intercultural-learning.eu<\/a> bietet Ressourcen f\u00fcr Lehrkr\u00e4fte und Schulpersonal im Rahmen eines ganzheitlichen Schulansatzes und basiert auf <a href=\"https:\/\/eur03.safelinks.protection.outlook.com\/?url=https%3A%2F%2Frm.coe.int%2F16806ccc0c&amp;data=05%7C02%7CRebekah.Cooper.2023%40live.rhul.ac.uk%7Cec21502c213b4336ec8f08ddf4752512%7C2efd699a19224e69b601108008d28a2e%7C0%7C0%7C638935506157162346%7CUnknown%7CTWFpbGZsb3d8eyJFbXB0eU1hcGkiOnRydWUsIlYiOiIwLjAuMDAwMCIsIlAiOiJXaW4zMiIsIkFOIjoiTWFpbCIsIldUIjoyfQ%3D%3D%7C0%7C%7C%7C&amp;sdata=WTcwVo%2F1wR9fp5zfUd9V4cJo00tgWsGJR6Eatm3L5A8%3D&amp;reserved=0\">einem vom Europarat entwickelten Kompetenzkonzept<\/a>.\n\nKompetenzen umfassen Werte, Einstellungen, F\u00e4higkeiten, Wissen und kritisches Denken. Das Wertemodell konzentriert sich darauf, wie drei Werte gef\u00f6rdert werden k\u00f6nnen, die Lernende bef\u00e4higen, sich aktiv in einer demokratischen Kultur zu engagieren und friedlich in kulturell vielf\u00e4ltigen demokratischen Gesellschaften zusammenzuleben.<\/p>\n\n\n\n<div id=\"wp-block-themeisle-blocks-button-group-4760ed90\" class=\"wp-block-themeisle-blocks-button-group wp-block-buttons align-center-desktop\">\n<div id=\"wp-block-themeisle-blocks-button-0e1edd71\" class=\"wp-block-themeisle-blocks-button wp-block-button\"><a href=\"https:\/\/school-education.ec.europa.eu\/en\/discover\/expert-views\/global-citizenship-values-through-teaching-and-mobility\" target=\"_blank\" rel=\"noopener noreferrer\" class=\"wp-block-button__link\"><span>Lesen Sie hier unseren Expertenartikel.<\/span><\/a><\/div>\n<\/div>\n\n\n\n<hr class=\"wp-block-separator has-alpha-channel-opacity\"\/>\n\n\n<h6><span style=\"color: #808080;\">Diese Webseite wurde 2025 von Professorin Anat Bardi und ihrem Team (Rebekah Cooper, Lina Vergopoulos and Saskia Schonberger) auf Grundlage ihrer eigenen und der Forschungsergebnisse anderer Wissenschaftler im Rahmen eines vom Economic and Social Research Council gef\u00f6rderten Projekts erstellt. Das Urheberrecht dieser Webseite liegt beim Royal Holloway and Bedford New College und unterliegt der Creative-Commons-Lizenz CC BY-NC-ND.<\/span><\/h6>\n\n\n<p><\/p>\n","protected":false},"excerpt":{"rendered":"<p>Die Internationalisierung der Schulbildung f\u00f6rdert das globale B\u00fcrgerbewusstsein der Sch\u00fclerinnen und Sch\u00fcler und bef\u00e4higt sie zur aktiven Teilhabe an unserer kulturell vielf\u00e4ltigen Gesellschaft sowie zu einem Beitrag zu einer friedlicheren und demokratischeren Kultur. Die Entwicklung globaler B\u00fcrgerwerte (Universalismus) ist ein wesentlicher Bestandteil dieses Prozesses. Erfahren Sie, wie Sie globale B\u00fcrgerwerte und -verhaltensweisen f\u00f6rdern k\u00f6nnen, unter [&hellip;]<\/p>\n","protected":false},"author":1,"featured_media":0,"parent":0,"menu_order":0,"comment_status":"closed","ping_status":"closed","template":"","meta":{"_themeisle_gutenberg_block_has_review":false,"footnotes":""},"class_list":["post-6903","page","type-page","status-publish","hentry"],"_links":{"self":[{"href":"https:\/\/intercultural-learning.eu\/de\/wp-json\/wp\/v2\/pages\/6903\/"}],"collection":[{"href":"https:\/\/intercultural-learning.eu\/de\/wp-json\/wp\/v2\/pages\/"}],"about":[{"href":"https:\/\/intercultural-learning.eu\/de\/wp-json\/wp\/v2\/types\/page\/"}],"author":[{"embeddable":true,"href":"https:\/\/intercultural-learning.eu\/de\/wp-json\/wp\/v2\/users\/1\/"}],"replies":[{"embeddable":true,"href":"https:\/\/intercultural-learning.eu\/de\/wp-json\/wp\/v2\/comments\/?post=6903"}],"version-history":[{"count":1,"href":"https:\/\/intercultural-learning.eu\/de\/wp-json\/wp\/v2\/pages\/6903\/revisions\/"}],"predecessor-version":[{"id":6909,"href":"https:\/\/intercultural-learning.eu\/de\/wp-json\/wp\/v2\/pages\/6903\/revisions\/6909\/"}],"wp:attachment":[{"href":"https:\/\/intercultural-learning.eu\/de\/wp-json\/wp\/v2\/media\/?parent=6903"}],"curies":[{"name":"wp","href":"https:\/\/api.w.org\/{rel}","templated":true}]}}