{"id":1976,"date":"2017-10-18T12:11:07","date_gmt":"2017-10-18T10:11:07","guid":{"rendered":"http:\/\/intercultural-learning.eu\/auswertungsmethoden\/"},"modified":"2018-09-20T10:54:13","modified_gmt":"2018-09-20T08:54:13","slug":"auswertungsmethoden","status":"publish","type":"page","link":"https:\/\/intercultural-learning.eu\/de\/auswertungsmethoden\/","title":{"rendered":"Auswertungsmethoden"},"content":{"rendered":"<p>[vc_row][vc_column width=&#8220;2\/3&#8243;][vc_column_text]<\/p>\n<h1><b>Auswertungsmethoden<\/b><\/h1>\n<h2><strong><u>F\u00fcnf-Finger-Auswertung<\/u><\/strong><\/h2>\n<p>Die Sch\u00fclerinnen und Sch\u00fcler zeichnen den Umriss ihrer Hand auf ein Blatt Papier und beschriften die Finger wie unten angegeben. Es kann auch eine gro\u00dfe Hand auf ein Plakat gezeichnet werden und alle Sch\u00fclerinnen und Sch\u00fcler f\u00fcllen die Finger gemeinsam aus.<\/p>\n<p><strong>Bedeutung der jeweiligen Finger:<\/strong><\/p>\n<p><span style=\"font-weight: 400;\">Daumen: Das war toll\u2026 Das hat mir am Besten gefallen&#8230;<\/span><\/p>\n<p><span style=\"font-weight: 400;\">Zeigefinger: Darauf m\u00f6chte ich hinweisen\u2026<\/span><\/p>\n<p><span style=\"font-weight: 400;\">Mittelfinger: Das hat mir nicht gefallen\u2026<\/span><\/p>\n<p><span style=\"font-weight: 400;\">Ringfinger: Das war wertvoll\u2026<\/span><\/p>\n<p><span style=\"font-weight: 400;\">Kleine Finger: Das kam zu kurz\u2026<\/span><\/p>\n<h2><strong><u>Ampel-Auswertung<\/u><\/strong><\/h2>\n<p><span style=\"font-weight: 400;\">Die Sch\u00fclerinnen und Sch\u00fcler bekommen gr\u00fcne, gelbe und rote Karten. Die Lehrkraft formuliert die unten angegebenen Aussagen, die Sch\u00fcler zeigen an Hand der Karten inwieweit sie zustimmen oder nicht zustimmen (gr\u00fcn: ganz, gelb: teilweise, rot: gar nicht):<\/span><\/p>\n<ul>\n<li style=\"font-weight: 400;\"><span style=\"font-weight: 400;\">Diese \u00dcbung hat mir gefallen<\/span><\/li>\n<li style=\"font-weight: 400;\"><span style=\"font-weight: 400;\">Ich habe die Bedeutung dieser \u00dcbung verstanden<\/span><\/li>\n<li style=\"font-weight: 400;\"><span style=\"font-weight: 400;\">Die \u00dcbung hat mich zum Nachdenken (\u00fcber\u2026) angeregt<\/span><\/li>\n<li style=\"font-weight: 400;\"><span style=\"font-weight: 400;\">Ich habe verstanden dass&#8230;<\/span><\/li>\n<li style=\"font-weight: 400;\"><span style=\"font-weight: 400;\">Es hat meine Sicht (auf \u2026) ver\u00e4ndert<\/span><\/li>\n<li style=\"font-weight: 400;\"><span style=\"font-weight: 400;\">\u2026<\/span><\/li>\n<\/ul>\n<p><span style=\"font-weight: 400;\">Die Lehrkraft schreibt die Aussagen auf eine Tafel und h\u00e4lt das Abstimmungsergebnis fest. Wenn Teilnehmende sich dazu \u00e4u\u00dfern wollen, dann k\u00f6nnen sie dies tun. Es kann \u00fcber das Ergebnis diskutiert werden.<\/span><\/p>\n<p><strong>QUELLE<\/strong><br \/>\n<span style=\"font-weight: 400;\">\u201eCoaching in der internationalen Jugendarbeit\u201c von IJAB<\/span><\/p>\n<h2><span style=\"text-decoration: underline;\"><b>Koffer-Auswertung<\/b><\/span><\/h2>\n<p><span style=\"font-weight: 400;\">Die Lehrkraft bringt drei Bilder\/ Symbole und platziert diese gut sichtbar im Klassenraum: Koffer, Papierkorb, B\u00fcroregal<\/span><\/p>\n<p><span style=\"font-weight: 400;\">Der <strong>Koffer<\/strong> symbolisiert \u201cdiese Inhalte \/ gute Erfahrung \/ Gef\u00fchle etc. nehme ich mit, weil es mir wichtig ist\u201d.<\/span><\/p>\n<p><span style=\"font-weight: 400;\">Der <strong>Papierkorb<\/strong> symbolisiert \u201cdas brauche ich nicht, das war unwichtig, unangenehm etc.\u201d.<\/span><\/p>\n<p><span style=\"font-weight: 400;\">Das <strong>B\u00fcroregal<\/strong> symbolisiert \u201cdiese Inhalte \/ Erfahrung brauche ich im Moment nicht, ich kann es nicht einordnen, aber vielleicht kann ich es sp\u00e4ter einmal gebrauchen\u201d.<\/span><\/p>\n<p><span style=\"font-weight: 400;\">Die Lehrkraft gibt den Sch\u00fclerinnen und Sch\u00fclern etwas Zeit, Schl\u00fcsselbegriffe auf Karten zu notieren und diese an dem entsprechenden Symbol anzubringen.<\/span><\/p>\n<p><span style=\"font-weight: 400;\">Anmerkung: Es kann noch eine Gl\u00fchbirne hinzugef\u00fcgt werden f\u00fcr \u201cIdeen und Vorschl\u00e4ge\u201d oder ein gro\u00dfes Fragezeichen f\u00fcr \u201cunbeantwortete Fragen\u201d. <\/span><\/p>\n<h2><strong><u>Aufstellungen<\/u><\/strong><\/h2>\n<p><span style=\"font-weight: 400;\">Die Sch\u00fclerinnen und Sch\u00fcler stellen sich in einer Reihe auf und erkl\u00e4rt: Arme in die Luft strecken bedeutet \u201cabsolut einverstanden\u201d, herunterh\u00e4ngen lassen \u201cgar nicht einverstanden\u201d. Alle Zwischenpositionen stellen individuelle Nuancen von Einverst\u00e4ndnis oder Ablehnung dar. \u00a0Die Lehrkraft formuliert die unten angegebenen Aussagen:<\/span><\/p>\n<ul>\n<li style=\"font-weight: 400;\"><span style=\"font-weight: 400;\">Diese \u00dcbung hat mir gefallen<\/span><\/li>\n<li style=\"font-weight: 400;\"><span style=\"font-weight: 400;\">Ich habe die Bedeutung dieser \u00dcbung verstanden<\/span><\/li>\n<li style=\"font-weight: 400;\"><span style=\"font-weight: 400;\">Die \u00dcbung hat mich zum Nachdenken (\u00fcber\u2026) angeregt<\/span><\/li>\n<li style=\"font-weight: 400;\"><span style=\"font-weight: 400;\">Ich habe verstanden dass&#8230;<\/span><\/li>\n<li style=\"font-weight: 400;\"><span style=\"font-weight: 400;\">Es hat meine Sicht (auf \u2026) ver\u00e4ndert<\/span><\/li>\n<li style=\"font-weight: 400;\"><span style=\"font-weight: 400;\">\u2026<\/span><\/li>\n<\/ul>\n<h2><span style=\"text-decoration: underline;\"><b>Kreis<\/b><\/span><\/h2>\n<ul>\n<li style=\"font-weight: 400;\"><span style=\"font-weight: 400;\">Die Teilnehmenden formen einen Kreis. Die Lehrkraft formuliert Aussagen in Bezug auf die \u00dcbung. Wenn die Teilnehmenden mit der Aussage einverstanden sind, machen sie einen oder mehrere Schritte in Richtung Mittelpunkt des Kreises. Wenn sie nicht einverstanden sind bleiben sie auf ihrem Platz stehen.<\/span><\/li>\n<\/ul>\n<h2><span style=\"text-decoration: underline;\"><b>Pizza<\/b><\/span><\/h2>\n<ul>\n<li style=\"font-weight: 400;\"><span style=\"font-weight: 400;\">Die Lehrkraft zeichnet einen Kreis auf ein Flipchart oder auf die Tafel. Wenn den Sch\u00fclerinnen und Sch\u00fclern die \u00dcbung gefallen hat, malen oder kleben sie einen Punkt ins Zentrum des Kreises. Wenn nicht, malen oder kleben sie den Punkt am \u00e4u\u00dferen Rand.<\/span><\/li>\n<\/ul>\n<h2><span style=\"text-decoration: underline;\"><b>Zielscheibe<\/b><\/span><\/h2>\n<p>Ein Poster mit einer Zielscheibe an die Wand h\u00e4ngen.<\/p>\n<p>Die Zielscheibe hat 4 konzentrische Kreise und ist in 4 (or mehr) Bereiche aufgeteilt: Erwartungen, Programm, pers\u00f6nliches Engagement, Lernerfahrung.<\/p>\n<p>Jeder Teilnehmende bekommt einen Marker oder 4 Klebepunkte.<\/p>\n<p>Die Teilnehmenden werden aufgefordert, die 4 Bereiche zu bewerten:<\/p>\n<ul>\n<li>Wurden meine Erwartungen erf\u00fcllt?<\/li>\n<li>War das Programm zufriedenstellend?<\/li>\n<li>Inwiefern f\u00fchlte ich mich pers\u00f6nlich involviert?<\/li>\n<li>Habe ich etwas Neues gelernt?<\/li>\n<\/ul>\n<h2><span style=\"text-decoration: underline;\"><b>Der Auswertungsbaum<\/b><\/span><b> (the blob tree, Pip Wilson)<\/b><\/h2>\n<p><span style=\"font-weight: 400;\">Die Lehrkraft stellt den Sch\u00fclerinnen und Sch\u00fclern das Bild zur Verf\u00fcgung (als Projektion, als Poster, als A4-Ausdruck f\u00fcr je zwei Sch\u00fclerinnen oder Sch\u00fcler, als A4-Ausdruck f\u00fcr jeden oder jede\u2026). Jeder oder Jede \u00fcberlegt, wie er oder sie sich w\u00e4hrend der auszuwertenden \u00dcbung gef\u00fchlt hat und welches M\u00e4nnchen am Baum dies am besten verk\u00f6rpert oder mit welchem M\u00e4nnchen er oder sie sich am ehesten identifiziert. Bei einer kleineren Gruppe kann Jeder oder Jede erkl\u00e4ren welches M\u00e4nnchen er oder sie ausgew\u00e4hlt hat und warum. Bei einer gr\u00f6\u00dferen Gruppe kann dies im Tandem oder in Kleingruppen diskutiert werden.<\/span><\/p>\n<p><b>QUELLE<\/b><\/p>\n<p><a href=\"https:\/\/www.blobtree.com\/pages\/frontpage\"><span style=\"font-weight: 400;\">https:\/\/www.blobtree.com\/pages\/frontpage<\/span><\/a><\/p>\n<h2><strong><u>Baum der Erkenntnis<\/u><\/strong><\/h2>\n<p><b>ZIELE<\/b><\/p>\n<ul>\n<li style=\"font-weight: 400;\"><span style=\"font-weight: 400;\">Qualitative Auswertung von Zufriedenheit und Lernerfolg (z.B. bei einem Sch\u00fcleraustausch oder einer Veranstaltung zum interkulturellen Lernen)<\/span><\/li>\n<li style=\"font-weight: 400;\"><span style=\"font-weight: 400;\">Vielzahl an Erfahrung f\u00fcr die einzelnen Sch\u00fclerinnen und Sch\u00fcler sichtbar machen<\/span><\/li>\n<li style=\"font-weight: 400;\"><span style=\"font-weight: 400;\">Lernerfahrungen feststellen und Lernprozesse sichtbar machen<\/span><\/li>\n<\/ul>\n<p><b>ZEIT <\/b><span style=\"font-weight: 400;\">30 Minuten <\/span><\/p>\n<p><b>BEN\u00d6TIGTES MATERIAL<\/b><\/p>\n<ul>\n<li style=\"font-weight: 400;\"><span style=\"font-weight: 400;\">gro\u00dfe Zimmerpflanze oder Packpapier<\/span><\/li>\n<li style=\"font-weight: 400;\"><span style=\"font-weight: 400;\">Moderationskarten (rot, gr\u00fcn, gelb)<\/span><\/li>\n<\/ul>\n<p><span style=\"font-weight: 400;\">Auf gro\u00dfen B\u00f6gen Packpapier wird ein Baum (Wurzeln, Stamm, \u00c4ste, Bl\u00e4tter) aufgezeichnet. Falls eine gro\u00dfe Zimmerpflanze vorhanden ist, l\u00e4sst sich das Packpapier durch eine echte Pflanze ersetzen.<\/span><\/p>\n<p><b>ABLAUF DER \u00dcBUNG<\/b><\/p>\n<p><span style=\"font-weight: 400;\">Die Sch\u00fclerinnen und Sch\u00fcler haben die Gelegenheit, einen Austausch, eine Veranstaltung, eine \u00dcbung auszuwerten indem sie<\/span><\/p>\n<ul>\n<li style=\"font-weight: 400;\"><span style=\"font-weight: 400;\">auf die roten Karten die \u201ereifen Fr\u00fcchte\u201c (das nehme ich mir an Erkenntnis und Erfolg mit aus dem Seminar),<\/span><\/li>\n<li style=\"font-weight: 400;\"><span style=\"font-weight: 400;\">auf den gr\u00fcnen Karten die \u201ezarten Knospen\u201c (davon mehr, das war gut und ist noch entwicklungsf\u00e4hig, weitere W\u00fcnsche, Offengebliebenes) und<\/span><\/li>\n<li style=\"font-weight: 400;\"><span style=\"font-weight: 400;\">auf den gelben Karten das so genannte \u201eFallobst\u201c (das ist nicht gelungen, das sollte hier nicht wieder passieren) aufschreiben.<\/span><\/li>\n<\/ul>\n<p><span style=\"font-weight: 400;\">Die Karten werden entweder in die Pflanze geh\u00e4ngt oder auf das Packpapier geklebt: die reifen Fr\u00fcchte ganz oben in die Baumkrone, die zarten Knospen etwas unterhalb ins Ge\u00e4st und das Fallobst auf den Boden.<\/span><\/p>\n<p><span style=\"font-weight: 400;\">Die Lehrkraft liest die Karten gesammelt vor und fragt bei Unklarheiten nach. Falls n\u00f6tig, k\u00f6nnen einzelne Aussagen aufgegriffen und in der Runde diskutiert werden.<\/span><\/p>\n<p><b>EMPFEHLUNGEN<\/b><\/p>\n<p><span style=\"font-weight: 400;\">Die Methode bietet keine quantitativen Aussagen, es besteht die Gefahr, dass z.B. einzelne negative oder positive \u00c4u\u00dferungen \u00fcberbewertet werden, obwohl die Mehrheit anderer Ansicht ist. Eine Kombination mit quantitativen Methoden ist aber m\u00f6glich.<\/span><\/p>\n<p><b>QUELLE<\/b><\/p>\n<p><a href=\"http:\/\/www.dija.de\/toolbox-interkulturelles-lernen\/methodenbox-interkulturell\"><span style=\"font-weight: 400;\">http:\/\/www.dija.de\/toolbox-interkulturelles-lernen\/methodenbox-interkulturell<\/span><\/a><\/p>\n<p>&nbsp;<\/p>\n<p><b>Weitere Ideen (auf Englisch):<\/b><\/p>\n<p>&nbsp;<\/p>\n<p><a href=\"https:\/\/www.salto-youth.net\/tools\/toolbox\/tool\/sequential-evaluation.1066\/\"><span style=\"font-weight: 400;\">https:\/\/www.salto-youth.net\/tools\/toolbox\/tool\/sequential-evaluation.1066\/<\/span><\/a><\/p>\n<p><a href=\"https:\/\/www.salto-youth.net\/tools\/toolbox\/tool\/evaluation.953\/\"><span style=\"font-weight: 400;\">https:\/\/www.salto-youth.net\/tools\/toolbox\/tool\/evaluation.953\/<\/span><\/a><\/p>\n<p><a href=\"https:\/\/www.salto-youth.net\/tools\/toolbox\/tool\/evaluation-by-scale.473\/\"><span style=\"font-weight: 400;\">https:\/\/www.salto-youth.net\/tools\/toolbox\/tool\/evaluation-by-scale.473\/<\/span><\/a><\/p>\n<p><a href=\"https:\/\/www.salto-youth.net\/tools\/toolbox\/tool\/multiplex-cinema-evaluation.1632\/\"><span style=\"font-weight: 400;\">https:\/\/www.salto-youth.net\/tools\/toolbox\/tool\/multiplex-cinema-evaluation.1632\/<\/span><\/a><\/p>\n<p><a href=\"https:\/\/www.salto-youth.net\/tools\/toolbox\/tool\/6-thinking-stickers.2078\/\"><span style=\"font-weight: 400;\">https:\/\/www.salto-youth.net\/tools\/toolbox\/tool\/6-thinking-stickers.2078\/<\/span><\/a><\/p>\n<p>&nbsp;[\/vc_column_text][\/vc_column][vc_column width=&#8220;1\/3&#8243;][vc_single_image image=&#8220;478&#8243; onclick=&#8220;img_link_large&#8220;][vc_single_image image=&#8220;479&#8243;][\/vc_column][\/vc_row]<\/p>\n","protected":false},"excerpt":{"rendered":"<p>[vc_row][vc_column width=&#8220;2\/3&#8243;][vc_column_text] Auswertungsmethoden F\u00fcnf-Finger-Auswertung Die Sch\u00fclerinnen und Sch\u00fcler zeichnen den Umriss ihrer Hand auf ein Blatt Papier und beschriften die Finger wie unten angegeben. Es kann auch eine gro\u00dfe Hand auf ein Plakat gezeichnet werden und alle Sch\u00fclerinnen und Sch\u00fcler f\u00fcllen die Finger gemeinsam aus. Bedeutung der jeweiligen Finger: Daumen: Das war toll\u2026 Das hat [&hellip;]<\/p>\n","protected":false},"author":2,"featured_media":0,"parent":0,"menu_order":0,"comment_status":"closed","ping_status":"closed","template":"","meta":{"_themeisle_gutenberg_block_has_review":false,"footnotes":""},"class_list":["post-1976","page","type-page","status-publish","hentry"],"_links":{"self":[{"href":"https:\/\/intercultural-learning.eu\/de\/wp-json\/wp\/v2\/pages\/1976\/"}],"collection":[{"href":"https:\/\/intercultural-learning.eu\/de\/wp-json\/wp\/v2\/pages\/"}],"about":[{"href":"https:\/\/intercultural-learning.eu\/de\/wp-json\/wp\/v2\/types\/page\/"}],"author":[{"embeddable":true,"href":"https:\/\/intercultural-learning.eu\/de\/wp-json\/wp\/v2\/users\/2\/"}],"replies":[{"embeddable":true,"href":"https:\/\/intercultural-learning.eu\/de\/wp-json\/wp\/v2\/comments\/?post=1976"}],"version-history":[{"count":10,"href":"https:\/\/intercultural-learning.eu\/de\/wp-json\/wp\/v2\/pages\/1976\/revisions\/"}],"predecessor-version":[{"id":3440,"href":"https:\/\/intercultural-learning.eu\/de\/wp-json\/wp\/v2\/pages\/1976\/revisions\/3440\/"}],"wp:attachment":[{"href":"https:\/\/intercultural-learning.eu\/de\/wp-json\/wp\/v2\/media\/?parent=1976"}],"curies":[{"name":"wp","href":"https:\/\/api.w.org\/{rel}","templated":true}]}}