{"id":2276,"date":"2017-10-23T11:31:19","date_gmt":"2017-10-23T09:31:19","guid":{"rendered":"http:\/\/intercultural-learning.eu\/?page_id=2276"},"modified":"2018-09-20T16:42:17","modified_gmt":"2018-09-20T14:42:17","slug":"evaluation-methods","status":"publish","type":"page","link":"http:\/\/intercultural-learning.eu\/it\/evaluation-methods\/","title":{"rendered":"Metodi di valutazione"},"content":{"rendered":"<p>[vc_row][vc_column width=&#8221;2\/3&#8243;][vc_column_text]<\/p>\n<h1>Metodi di valutazione<\/h1>\n<h2><strong><u>Tiro a segno<\/u><\/strong><\/h2>\n<p><strong>ISTRUZIONI<\/strong><\/p>\n<p>Appendere un cartellone con un bersaglio disegnato.<\/p>\n<p>Il bersaglio ha 4 cerchi concentrici ed \u00e8 diviso in 4 aree (o pi\u00f9 a seconda delle necessit\u00e0): aspettative, programma, impegno personale, nuove competenze apprese.<\/p>\n<p>Distribuire un pennarello o dei piccoli post-it colorati a ciascuno studente. Chiedere di posizionare un post-it o disegnare un pallino per ogni area, vicino al centro se hanno gradito l\u2019attivit\u00e0 e vicino all&#8217;esterno altrimenti:<\/p>\n<ul>\n<li>l\u2019attivit\u00e0 ha soddisfatto le tue aspettative?<\/li>\n<li>ti \u00e8 piaciuto il programma?<\/li>\n<li>quanto ti sei sentito impegnato e coinvolto nelle attivit\u00e0?<\/li>\n<li>hai imparato qualcosa di nuovo?<\/li>\n<\/ul>\n<h2><strong><u>Le 5 dita<\/u><\/strong><\/h2>\n<p><strong>ISTRUZIONI<\/strong><\/p>\n<p>Chiedere agli studenti di disegnare la sagoma della propria mano su di un foglio di carta e di riempire la sagoma secondo le indicazioni riportate sotto. In alternativa disegnare una grande mano su di un cartellone e chiedere agli studenti di scrivere su ognuna delle dita.<\/p>\n<p><b>Significato delle 5 dita:<\/b><\/p>\n<p>Pollice: la cosa che pi\u00f9 mi \u00e8 piaciuta\u2026<\/p>\n<p>Indice: vorrei segnalare\/evidenziare questa cosa\u2026<\/p>\n<p>Medio: ci\u00f2 che non mi \u00e8 piaciuto\u2026<\/p>\n<p>Anulare: questa \u00e8 la cosa pi\u00f9 preziosa che rimane con me di questa attivit\u00e0\u2026<\/p>\n<p>Mignolo: ho sentito la mancanza di\u2026<\/p>\n<h2><strong><u>Il semaforo<\/u><\/strong><\/h2>\n<p><strong>ISTRUZIONI<\/strong><\/p>\n<p>Consegnare delle carte verdi, gialle e rosse agli studenti. Porre delle domande e chiedere agli studenti di mostrare la carta corrispondente alla loro opinione (verde: pienamente &#8211; giallo: parzialmente &#8211; rosso: affatto):<\/p>\n<ul>\n<li>Mi \u00e8 piaciuta questa attivit\u00e0<\/li>\n<li>Ho capito il significato di questa attivit\u00e0<\/li>\n<li>Quest&#8217;attivit\u00e0 mi ha fatto riflettere su\u2026<\/li>\n<li>Adesso comprendo meglio\u2026<\/li>\n<li>L\u2019attivit\u00e0 ha cambiato la mia percezione di&#8230;\/il mio comportamento verso&#8230;<\/li>\n<li>\u2026<\/li>\n<\/ul>\n<p>Il conduttore dovrebbe annotare le domande e i risultati delle votazioni su una lavagna. Se gli studenti vogliono discutere o commentare i propri voti si pu\u00f2 fare alla fine.<\/p>\n<p><strong>FONTI<\/strong><\/p>\n<ul>\n<li>Coaching in der internationalen Jugendarbeit\u201c von IJAB<\/li>\n<\/ul>\n<h2><strong><u>La valigia<\/u><\/strong><\/h2>\n<p><strong>ISTRUZIONI<\/strong><\/p>\n<p><span style=\"font-weight: 400;\">Mettere al centro della classe 3 oggetti: una valigia, un cestino della spazzatura e un \u201cmobiletto da ufficio\u201d.<\/span><\/p>\n<p><span style=\"font-weight: 400;\">La <\/span><b>valigia<\/b><span style=\"font-weight: 400;\"> rappresenta \u201cmi porto quest&#8217;attivit\u00e0 con me, ho avuto una bella esperienza, sono stato bene, ecc\u201d.<\/span><\/p>\n<p><span style=\"font-weight: 400;\">Il <\/span><b>cestino<\/b><span style=\"font-weight: 400;\"> rappresenta \u201cnon ho bisogno di questo, ho avuto una brutta esperienza, ho perso del tempo, ecc\u201d.<\/span><\/p>\n<p><span style=\"font-weight: 400;\">Il <\/span><b>mobiletto <\/b><span style=\"font-weight: 400;\">rappresenta \u201cnon ho bisogno di questo adesso, questa esperienza mi ha lasciato indifferente, non so cosa farne di quello che ho imparato, per\u00f2 potrebbe essere molto utile in futuro\u201d.<\/span><\/p>\n<p><span style=\"font-weight: 400;\">Dare agli studenti del tempo per scrivere delle parole chiave o brevissime frasi su dei fogli. Chiedere di posizionarli vicino all&#8217;oggetto che meglio esprime il loro sentimento verso quella parola chiave.<\/span><\/p>\n<p><span style=\"font-weight: 400;\">Nota: si pu\u00f2 aggiungere anche una lampadina per \u201c<\/span><b>idee e suggerimenti<\/b><span style=\"font-weight: 400;\">\u201d o un grande punto interrogativo per \u201c<\/span><b>domande a cui non ho avuto risposta<\/b><span style=\"font-weight: 400;\">\u201d.<\/span><\/p>\n<h2><strong><u>La linea<\/u><\/strong><\/h2>\n<p><strong>ISTRUZIONI<\/strong><\/p>\n<p><span style=\"font-weight: 400;\">Chiedere agli studenti di disporsi in una linea. Porre le domande indicate sotto e chiedere agli studenti di esprimere il proprio assenso alzando le braccia verso l\u2019alto o il proprio dissenso rannicchiandosi a terra, o un&#8217;opinione intermedia con la posizione pi\u00f9 appropriata tra i due estremi.<\/span><\/p>\n<p><span style=\"font-weight: 400;\">Domande:<\/span><\/p>\n<ul>\n<li style=\"font-weight: 400;\"><span style=\"font-weight: 400;\">Mi \u00e8 piaciuta questa attivit\u00e0<\/span><\/li>\n<li style=\"font-weight: 400;\"><span style=\"font-weight: 400;\">Ho capito il significato di questa attivit\u00e0<\/span><\/li>\n<li style=\"font-weight: 400;\"><span style=\"font-weight: 400;\">Quest&#8217;attivit\u00e0 mi ha fatto riflettere su\u2026<\/span><\/li>\n<li style=\"font-weight: 400;\"><span style=\"font-weight: 400;\">Adesso comprendo meglio\u2026<\/span><\/li>\n<li style=\"font-weight: 400;\"><span style=\"font-weight: 400;\">L\u2019attivit\u00e0 ha cambiato la mia percezione di&#8230;\/il mio comportamento verso&#8230;<\/span><\/li>\n<li style=\"font-weight: 400;\"><span style=\"font-weight: 400;\">\u2026<\/span><\/li>\n<\/ul>\n<h2><strong><u>Il cerchio<\/u><\/strong><\/h2>\n<p><strong>ISTRUZIONI<\/strong><\/p>\n<p><span style=\"font-weight: 400;\">Chiedere agli studenti di formare un cerchio. Porre le domande e chiedere agli studenti di spostarsi verso l\u2019interno del cerchio se sono d\u2019accordo e verso l\u2019esterno in caso contrario.<\/span><\/p>\n<h2><strong><u>La pizza<\/u><\/strong><\/h2>\n<p><strong>ISTRUZIONI<\/strong><\/p>\n<p><span style=\"font-weight: 400;\">Disegnare un cerchio su una lavagna e chiedere ad ogni studente quanto \u00e8 piaciuta l\u2019attivit\u00e0. Chiedere agli studenti di rispondere disegnando un pallino vicino al centro se \u00e8 piaciuta e verso l\u2019esterno se non \u00e8 piaciuta.<\/span><\/p>\n<h2><strong><u>Albero della conoscenza<\/u><\/strong><\/h2>\n<p><strong>OBIETTIVI DI APPRENDIMENTO<\/strong><\/p>\n<ul>\n<li style=\"font-weight: 400;\"><span style=\"font-weight: 400;\">Raccogliere le dichiarazioni qualitative sulla soddisfazione e il successo di apprendimento di un evento (ad esempio uno scambio di classe o un incontro interculturale).<\/span><\/li>\n<li style=\"font-weight: 400;\"><span style=\"font-weight: 400;\">Esplorare e rendere gli alunni consapevoli della ricca variet\u00e0 di esperienze che diverse persone portano a qualsiasi gruppo.<\/span><\/li>\n<li style=\"font-weight: 400;\"><span style=\"font-weight: 400;\">Valutare le esperienze di apprendimento degli studenti.<\/span><\/li>\n<\/ul>\n<p><strong>TEMPO\u00a0<\/strong>30 minuti<\/p>\n<p><strong>MATERIALE NECESSARIO<\/strong><\/p>\n<p><span style=\"font-weight: 400;\">Disegnare su un cartellone un albero (radici, tronco, rami, foglie). Se \u00e8 disponibile una pianta vera pu\u00f2 essere sostituita al cartellone.<\/span><\/p>\n<p><span style=\"font-weight: 400;\">Carte di tre colori per ciascun partecipante (verde, rosso, giallo).<\/span><\/p>\n<p><strong>ISTRUZIONI<\/strong><\/p>\n<p><span style=\"font-weight: 400;\">Chiedere ai partecipanti di scrivere sulle carte alcune delle loro esperienze:<\/span><\/p>\n<ul>\n<li>sulle carte rosse (il &#8220;frutto maturo&#8221;): le esperienze di successo e le conoscenze che porteranno con se stessi<\/li>\n<li>sulle carte verdi (il &#8220;frutto non maturo&#8221;): i concetti che hanno trovato interessanti ma vogliono sviluppare approfonditamente<\/li>\n<li>sulle carte gialle (il &#8220;frutto marcio&#8221;): gli aspetti che non sono piaciuti e che si spera non si ripetano<\/li>\n<\/ul>\n<p><span style=\"font-weight: 400;\">Le carte sono appese alla pianta o incollate sul cartellone: i frutti maturi alla sommit\u00e0 della pianta, la frutta inesperta leggermente sotto i rami e le carte gialle ai piedi della pianta.<\/span><\/p>\n<p><span style=\"font-weight: 400;\">Leggere le carte e porre delle domande. Se necessario, dibattere ogni singola affermazione.<\/span><\/p>\n<p><strong>SUGGERIMENTI<\/strong><\/p>\n<p><span style=\"font-weight: 400;\">Il metodo non fornisce informazioni quantitative; il rischio \u00e8 che la quantit\u00e0 di ogni tipo possa essere sbilanciata rispetto alla reale opinione del gruppo. Se ritenuto necessario si pu\u00f2 fornire un\u2019indicazione quantitativa ai partecipanti.<\/span><\/p>\n<p><strong>FONTI<\/strong><\/p>\n<p><a href=\"http:\/\/www.dija.de\/toolbox-interkulturelles-lernen\/methodenbox-interkulturell\">http:\/\/www.dija.de\/toolbox-interkulturelles-lernen\/methodenbox-interkulturell<\/a><\/p>\n<p>&nbsp;<\/p>\n<h2><strong><u>L&#8217;albero dei Blob<\/u><\/strong><\/h2>\n<p><strong><a href=\"http:\/\/intercultural-learning.eu\/wp-content\/uploads\/2017\/07\/blob-tree.jpg\"><img loading=\"lazy\" decoding=\"async\" class=\"alignnone size-full wp-image-848\" src=\"http:\/\/intercultural-learning.eu\/wp-content\/uploads\/2017\/07\/blob-tree.jpg\" alt=\"\" width=\"542\" height=\"697\" srcset=\"http:\/\/intercultural-learning.eu\/wp-content\/uploads\/2017\/07\/blob-tree.jpg 542w, http:\/\/intercultural-learning.eu\/wp-content\/uploads\/2017\/07\/blob-tree-233x300.jpg 233w\" sizes=\"(max-width: 542px) 100vw, 542px\" \/><\/a><\/strong><\/p>\n<p><strong>ISTRUZIONI<\/strong><\/p>\n<p>L\u2019albero dei Blob \u00e8 uno strumento di valutazione molto utilizzato nella formazione. Di seguito una breve descrizione del significato dei singoli elementi rappresentati nell\u2019immagine.<\/p>\n<ul>\n<li><strong>L&#8217;albero<\/strong>: \u00e8 un luogo, un gruppo o un&#8217;organizzazione. Potrebbe essere la tua famiglia, un club, un gruppo di amici, una chiesa, una scuola, un ufficio, una squadra di calcio, un gruppo che viaggia in autobus, un gruppo di amici su Facebook, gli ultimi concorrenti di &#8220;Britain&#8217;s Got Talent&#8221;, o solo tu. Sull&#8217;albero ci sono una piattaforma e una corda per oscillare. Che cosa simboleggiano? Potrebbero rappresentare sicurezza, leadership, separazione, divertimento o spreco di tempo? Dipende da come ti senti mentre li guardi e come ti senti quel giorno! A volte c&#8217;\u00e8 pi\u00f9 di un albero, perch\u00e9 il modo in cui altri gruppi interagiscono con noi influenza il modo in cui il nostro gruppo si sente.<\/li>\n<li><strong>I Blob<\/strong>: sono dei personaggi che esprimono una variet\u00e0 di sentimenti. \u00c8 molto importante usare il nome Blob piuttosto che lui o lei, per indicare che non hanno genere o colore. Fai domande tipo: &#8220;Come pensi che questo Blob si senta?&#8221; o &#8220;quale Blob pensi sia il pi\u00f9 triste e perch\u00e9?&#8221;. L\u2019uso di un termine neutrale \u00e8 inclusivo verso tutti e mantiene lo strumento Blob il pi\u00f9 aperto possibile. I membri del gruppo potrebbero continuare ad attribuire il genere ai Blob, ma se l\u2019attivit\u00e0 \u00e8 impostata correttamente, la maggior parte del gruppo adotter\u00e0 le espressioni del formatore. Alcuni dei Blob interagiscono tra di loro, come \u00e8 normale in un gruppo. Stanno interagendo anche con l\u2019albero. Sono saliti sull&#8217;albero o ci stanno provando. La loro posizione \u00e8 molto importante. Alcune persone riescono ad identificarsi solo con i Blob ai piedi dell\u2019albero, mentre altri guardano immediatamente alla cima.<br \/>\nLa scelta di un determinato Blob \u00e8 un\u2019istantanea delle emozioni del partecipante sul momento.<\/li>\n<li><strong>L&#8217;Erba<\/strong>: sotto l\u2019albero c\u2019\u00e8 l\u2019erba. Rappresenta uno spazio esterno all&#8217;albero. Non \u00e8 necessariamente un posto negativo. Pu\u00f2 rappresentare anche il relax personale dopo una giornata di lavoro o una serata fuori. Pu\u00f2 anche essere una posizione di contrapposizione rispetto all&#8217;albero. Dunque, vale la pena di investigare i motivi della scelta dei partecipanti.<\/li>\n<\/ul>\n<p>Invitare gli studenti a scegliere un Blob che li rappresenti e a spiegare il perch\u00e9 della scelta.<\/p>\n<p>&nbsp;<\/p>\n<p><strong>FONTI<\/strong><\/p>\n<p><a href=\"https:\/\/www.blobtree.com\/pages\/frontpage\">https:\/\/www.blobtree.com\/pages\/frontpage<\/a><\/p>\n<p>&nbsp;<\/p>\n<h2><strong><u>Altre attivit\u00e0:<\/u><\/strong><\/h2>\n<p><a href=\"https:\/\/www.salto-youth.net\/tools\/toolbox\/tool\/sequential-evaluation.1066\/\">https:\/\/www.salto-youth.net\/tools\/toolbox\/tool\/sequential-evaluation.1066\/<\/a><\/p>\n<p><a href=\"https:\/\/www.salto-youth.net\/tools\/toolbox\/tool\/evaluation.953\/\">https:\/\/www.salto-youth.net\/tools\/toolbox\/tool\/evaluation.953\/<\/a><\/p>\n<p><a href=\"https:\/\/www.salto-youth.net\/tools\/toolbox\/tool\/evaluation-by-scale.473\/\">https:\/\/www.salto-youth.net\/tools\/toolbox\/tool\/evaluation-by-scale.473\/<\/a><\/p>\n<p><a href=\"https:\/\/www.salto-youth.net\/tools\/toolbox\/tool\/multiplex-cinema-evaluation.1632\/\">https:\/\/www.salto-youth.net\/tools\/toolbox\/tool\/multiplex-cinema-evaluation.1632\/<\/a><\/p>\n<p>&nbsp;<\/p>\n<p>[\/vc_column_text][\/vc_column][vc_column width=&#8221;1\/3&#8243;][vc_single_image image=&#8221;478&#8243;][\/vc_column][\/vc_row]<\/p>\n","protected":false},"excerpt":{"rendered":"<p>[vc_row][vc_column width=&#8221;2\/3&#8243;][vc_column_text] Metodi di valutazione Tiro a segno ISTRUZIONI Appendere un cartellone con un bersaglio disegnato. Il bersaglio ha 4 cerchi concentrici ed \u00e8 diviso in 4 aree (o pi\u00f9 a seconda delle necessit\u00e0): aspettative, programma, impegno personale, nuove competenze apprese. Distribuire un pennarello o dei piccoli post-it colorati a ciascuno studente. Chiedere di posizionare [&hellip;]<\/p>\n","protected":false},"author":2,"featured_media":0,"parent":0,"menu_order":0,"comment_status":"closed","ping_status":"closed","template":"","meta":{"_themeisle_gutenberg_block_has_review":false,"footnotes":""},"class_list":["post-2276","page","type-page","status-publish","hentry"],"_links":{"self":[{"href":"http:\/\/intercultural-learning.eu\/it\/wp-json\/wp\/v2\/pages\/2276\/"}],"collection":[{"href":"http:\/\/intercultural-learning.eu\/it\/wp-json\/wp\/v2\/pages\/"}],"about":[{"href":"http:\/\/intercultural-learning.eu\/it\/wp-json\/wp\/v2\/types\/page\/"}],"author":[{"embeddable":true,"href":"http:\/\/intercultural-learning.eu\/it\/wp-json\/wp\/v2\/users\/2\/"}],"replies":[{"embeddable":true,"href":"http:\/\/intercultural-learning.eu\/it\/wp-json\/wp\/v2\/comments\/?post=2276"}],"version-history":[{"count":8,"href":"http:\/\/intercultural-learning.eu\/it\/wp-json\/wp\/v2\/pages\/2276\/revisions\/"}],"predecessor-version":[{"id":3544,"href":"http:\/\/intercultural-learning.eu\/it\/wp-json\/wp\/v2\/pages\/2276\/revisions\/3544\/"}],"wp:attachment":[{"href":"http:\/\/intercultural-learning.eu\/it\/wp-json\/wp\/v2\/media\/?parent=2276"}],"curies":[{"name":"wp","href":"https:\/\/api.w.org\/{rel}","templated":true}]}}