{"id":3341,"date":"2018-09-17T16:34:48","date_gmt":"2018-09-17T14:34:48","guid":{"rendered":"http:\/\/intercultural-learning.eu\/formation-denseignants\/agenda-trois-jours\/opportunites-offertes-par-les-activites-de-la-boite-a-outils\/"},"modified":"2018-09-20T13:38:03","modified_gmt":"2018-09-20T11:38:03","slug":"opportunites-offertes-par-les-activites-de-la-boite-a-outils","status":"publish","type":"page","link":"http:\/\/intercultural-learning.eu\/fr\/formation-denseignants\/agenda-trois-jours\/opportunites-offertes-par-les-activites-de-la-boite-a-outils\/","title":{"rendered":"Opportunit\u00e9s offertes par les activit\u00e9s de la bo\u00eete \u00e0 outils"},"content":{"rendered":"<p>[vc_row][vc_column][vc_column_text]<\/p>\n<h1><span style=\"font-weight: 400;\">OPPORTUNITES OFFERTES PAR LES ACTIVITES DE LA BOITE A OUTILS<\/span><\/h1>\n<p>[\/vc_column_text][\/vc_column][\/vc_row][vc_row][vc_column][vc_column_text]<\/p>\n<h4><b>Temps requis <\/b><span style=\"font-weight: 400;\">120 minutes<\/span><\/h4>\n<p>[\/vc_column_text][\/vc_column][\/vc_row][vc_row][vc_column width=\u00a0\u00bb1\/3&Prime;][vc_column_text]<\/p>\n<h3><b>Objectifs d\u2019apprentissage<\/b><\/h3>\n<p><span style=\"font-weight: 400;\">A la fin de la session, les participants auront:<\/span><\/p>\n<ul>\n<li style=\"font-weight: 400;\"><span style=\"font-weight: 400;\">am\u00e9lior\u00e9 leur prise de position\/conscience<\/span><\/li>\n<li style=\"font-weight: 400;\"><span style=\"font-weight: 400;\">d\u00e9velopp\u00e9 leurs comp\u00e9tences d\u2019observation, d\u2019imagination et leur pens\u00e9e critique<\/span><\/li>\n<li style=\"font-weight: 400;\"><span style=\"font-weight: 400;\">fait le lien entre la bo\u00eete \u00e0 outils et les disciplines<\/span><\/li>\n<\/ul>\n<p>[\/vc_column_text][\/vc_column][vc_column width=\u00a0\u00bb1\/3&Prime;][vc_column_text]<\/p>\n<h3><b>Buts de la session<\/b><\/h3>\n<ul>\n<li style=\"font-weight: 400;\"><span style=\"font-weight: 400;\">Conna\u00eetre la bo\u00eete \u00e0 outils<\/span><\/li>\n<li style=\"font-weight: 400;\"><span style=\"font-weight: 400;\">Examiner les attitudes envers celle-ci et les attentes des personnes avec un milieu \u00e9conomique diff\u00e9rent<\/span><\/li>\n<\/ul>\n<p>[\/vc_column_text][\/vc_column][vc_column width=\u00a0\u00bb1\/3&Prime;][vc_column_text]<\/p>\n<h3><b>Am\u00e9nagement de l\u2019espace<\/b><\/h3>\n<ul>\n<li style=\"font-weight: 400;\"><span style=\"font-weight: 400;\">Chaises en demi-cercle<\/span><\/li>\n<li style=\"font-weight: 400;\"><span style=\"font-weight: 400;\">Un espace o\u00f9 les participants peuvent se d\u00e9placer librement<\/span><\/li>\n<\/ul>\n<p>[\/vc_column_text][\/vc_column][\/vc_row][vc_row][vc_column][vc_column_text]<\/p>\n<h3><b>Mat\u00e9riel n\u00e9cessaire<\/b><\/h3>\n<ul>\n<li style=\"font-weight: 400;\"><span style=\"font-weight: 400;\">Un ordinateur avec une connexion Internet<\/span><\/li>\n<li style=\"font-weight: 400;\"><span style=\"font-weight: 400;\">Un paper-board (avec assez de feuilles)<\/span><\/li>\n<li style=\"font-weight: 400;\"><span style=\"font-weight: 400;\">Des marqueurs de couleur<\/span><\/li>\n<li style=\"font-weight: 400;\"><span style=\"font-weight: 400;\">Des feuilles de papier A4 et des stylos<\/span><\/li>\n<li style=\"font-weight: 400;\"><span style=\"font-weight: 400;\">Le mat\u00e9riel requis pour l\u2019activit\u00e9 \u00ab Ressources in\u00e9gales \u00bb : crayons \u00e0 papier, crayons de couleur, crayolas, papier cartonn\u00e9 de couleur assortie, pairs de ciseaux, marqueurs de couleur, colle, paillettes, rubans, \u00a0pochoirs\u2026<\/span><\/li>\n<\/ul>\n<p>[\/vc_column_text][\/vc_column][\/vc_row][vc_row][vc_column][vc_column_text]<\/p>\n<h2><b>Description de la session pas \u00e0 pas<\/b><\/h2>\n<p>[\/vc_column_text][\/vc_column][\/vc_row][vc_row][vc_column][vc_column_text]<\/p>\n<h3><span style=\"font-weight: 400;\">ACTIVITE 1: <\/span><a href=\"http:\/\/intercultural-learning.eu\/?p=618\"><span style=\"font-weight: 400;\">RESSOURCES INEGALES<\/span><\/a><span style=\"font-weight: 400;\"> (45 MINS)<\/span><\/h3>\n<ol>\n<li style=\"font-weight: 400;\"><span style=\"font-weight: 400;\">Dites aux participants qu\u2019ils vont devoir pratiquer une autre activit\u00e9 de la bo\u00eete \u00e0 outils<\/span><\/li>\n<li style=\"font-weight: 400;\"><span style=\"font-weight: 400;\">Demandez-leur de former des groupes de 4 \u00e0 6 participants<\/span><\/li>\n<li style=\"font-weight: 400;\"><span style=\"font-weight: 400;\">Dites-leur que chaque groupe a 20 minutes pour fabriquer un poster qui c\u00e9l\u00e8bre une f\u00eate (par exemple la Journ\u00e9e de la Plan\u00e8te le 22 avril<\/span><\/li>\n<li style=\"font-weight: 400;\"><span style=\"font-weight: 400;\">Suivez les instructions de l\u2019activit\u00e9<\/span><\/li>\n<li style=\"font-weight: 400;\"><span style=\"font-weight: 400;\">G\u00e9rer le d\u00e9briefing (20 minutes)<\/span><\/li>\n<\/ol>\n<p>[\/vc_column_text][\/vc_column][\/vc_row][vc_row][vc_column][vc_column_text]<\/p>\n<h3><span style=\"font-weight: 400;\">ACTIVITE 2 : CONNEXIONS ENTRE LA BOITE A OUTILS ET LES DISCIPLINES OU LES PROJETS INTERDISCIPLINAIRES (60 MINS)<\/span><\/h3>\n<ol>\n<li style=\"font-weight: 400;\"><span style=\"font-weight: 400;\"> Demandez aux participants de former les m\u00eames groupes de travail<\/span><\/li>\n<li style=\"font-weight: 400;\"><span style=\"font-weight: 400;\"> Le but est de faire le lien entre cette activit\u00e9 et la bo\u00eete \u00e0 outils (ou, s\u2019ils pr\u00e9f\u00e8rent, ils peuvent travailler sur une des activit\u00e9s d\u00e9j\u00e0 test\u00e9es : <\/span><a href=\"http:\/\/intercultural-learning.eu\/?p=573\"><span style=\"font-weight: 400;\">Qui suis-je<\/span><\/a><span style=\"font-weight: 400;\">\u00a0 et le <\/span><a href=\"http:\/\/intercultural-learning.eu\/?p=648\"><span style=\"font-weight: 400;\">Mod\u00e8le D.I.V.E.<\/span><\/a> avec leurs disciplines et les projets interdisciplinaires dans l\u2019\u00e9tablissement.<\/li>\n<li style=\"font-weight: 400;\"><span style=\"font-weight: 400;\">Chaque groupe dispose de 45 minutes pour faire un poster de suggestions sur o\u00f9 et comment utiliser l\u2019activit\u00e9 et quels outils peuvent \u00eatre utiliser pour l\u2019\u00e9valuation des comp\u00e9tences interculturelles sur lesquelles ils peuvent se focaliser et \u2013 si possible \u2013 sur les contenus li\u00e9s au programme scolaire<\/span><\/li>\n<li style=\"font-weight: 400;\"><span style=\"font-weight: 400;\">Accrocher le poster des suggestions comme une galerie sur un mur<\/span><\/li>\n<li style=\"font-weight: 400;\"><span style=\"font-weight: 400;\">Permettez \u00e0 un orateur de chaque groupe de pr\u00e9senter son poster et laissez du temps pour les questions\/r\u00e9ponses.<\/span><\/li>\n<\/ol>\n<p>[\/vc_column_text][\/vc_column][\/vc_row][vc_row][vc_column][vc_column_text]<\/p>\n<h3><span style=\"font-weight: 400;\">ACTIVITE 3 &#8211;<\/span> <a href=\"http:\/\/intercultural-learning.eu\/evaluationmethods-2\/\"><span style=\"font-weight: 400;\">EVALUATION VISUELLE<\/span><\/a> <span style=\"font-weight: 400;\">(15 MINS) <\/span><\/h3>\n<p><span style=\"font-weight: 400;\">(activit\u00e9 sugg\u00e9r\u00e9e \u2013 Le cercle)<\/span><\/p>\n<ul>\n<li style=\"font-weight: 400;\"><span style=\"font-weight: 400;\"> A la fin de chaque session, choisissez une m\u00e9thode d&rsquo;\u00e9valuation visuelle. Cela permettra un feedback imm\u00e9diat sur les appr\u00e9ciations de la session.<br \/>\n<\/span><\/li>\n<li style=\"font-weight: 400;\"><span style=\"font-weight: 400;\">Les m\u00e9thodes d&rsquo;\u00e9valuation visuelle sont un bon exemple de ce que les enseignants peuvent utiliser dans leur salle de classe apr\u00e8s une activit\u00e9 d&rsquo;apprentissage interculturel : elles sont en effet utiles pour collecter les impressions et retours des \u00e9tudiants.<\/span><\/li>\n<li style=\"font-weight: 400;\"><span style=\"font-weight: 400;\">Utilisez cette opportunit\u00e9 pour \u00e9ventuellement revoir et clarifier certains aspects, contenus ou activit\u00e9s de la formation confus ou qui manque de clart\u00e9.<\/span><\/li>\n<\/ul>\n<p>[\/vc_column_text][\/vc_column][\/vc_row]<\/p>\n","protected":false},"excerpt":{"rendered":"<p>[vc_row][vc_column][vc_column_text] OPPORTUNITES OFFERTES PAR LES ACTIVITES DE LA BOITE A OUTILS [\/vc_column_text][\/vc_column][\/vc_row][vc_row][vc_column][vc_column_text] Temps requis 120 minutes [\/vc_column_text][\/vc_column][\/vc_row][vc_row][vc_column width=\u00a0\u00bb1\/3&Prime;][vc_column_text] Objectifs d\u2019apprentissage A la fin de la session, les participants auront: am\u00e9lior\u00e9 leur prise de position\/conscience d\u00e9velopp\u00e9 leurs comp\u00e9tences d\u2019observation, d\u2019imagination et leur pens\u00e9e critique fait le lien entre la bo\u00eete \u00e0 outils et les disciplines [\/vc_column_text][\/vc_column][vc_column [&hellip;]<\/p>\n","protected":false},"author":1,"featured_media":0,"parent":3294,"menu_order":0,"comment_status":"closed","ping_status":"closed","template":"","meta":{"_themeisle_gutenberg_block_has_review":false,"footnotes":""},"class_list":["post-3341","page","type-page","status-publish","hentry"],"_links":{"self":[{"href":"http:\/\/intercultural-learning.eu\/fr\/wp-json\/wp\/v2\/pages\/3341\/"}],"collection":[{"href":"http:\/\/intercultural-learning.eu\/fr\/wp-json\/wp\/v2\/pages\/"}],"about":[{"href":"http:\/\/intercultural-learning.eu\/fr\/wp-json\/wp\/v2\/types\/page\/"}],"author":[{"embeddable":true,"href":"http:\/\/intercultural-learning.eu\/fr\/wp-json\/wp\/v2\/users\/1\/"}],"replies":[{"embeddable":true,"href":"http:\/\/intercultural-learning.eu\/fr\/wp-json\/wp\/v2\/comments\/?post=3341"}],"version-history":[{"count":5,"href":"http:\/\/intercultural-learning.eu\/fr\/wp-json\/wp\/v2\/pages\/3341\/revisions\/"}],"predecessor-version":[{"id":3502,"href":"http:\/\/intercultural-learning.eu\/fr\/wp-json\/wp\/v2\/pages\/3341\/revisions\/3502\/"}],"up":[{"embeddable":true,"href":"http:\/\/intercultural-learning.eu\/fr\/wp-json\/wp\/v2\/pages\/3294\/"}],"wp:attachment":[{"href":"http:\/\/intercultural-learning.eu\/fr\/wp-json\/wp\/v2\/media\/?parent=3341"}],"curies":[{"name":"wp","href":"https:\/\/api.w.org\/{rel}","templated":true}]}}