{"id":2936,"date":"2018-04-06T12:28:07","date_gmt":"2018-04-06T10:28:07","guid":{"rendered":"http:\/\/intercultural-learning.eu\/toolbox-mobilite-internationale\/"},"modified":"2018-06-06T18:18:26","modified_gmt":"2018-06-06T16:18:26","slug":"toolbox-mobilite-internationale","status":"publish","type":"page","link":"http:\/\/intercultural-learning.eu\/fr\/toolbox-mobilite-internationale\/","title":{"rendered":"Bo\u00eete \u00e0 outils : mobilit\u00e9 internationale"},"content":{"rendered":"<p>[vc_row][vc_column][vc_column_text]<\/p>\n<h1><span style=\"color: #5f8789;\">Bo\u00eete \u00e0 outils &#8211; mobilit\u00e9 internationale<\/span><\/h1>\n<p>[\/vc_column_text][\/vc_column][\/vc_row][vc_row full_width=\u00a0\u00bbstretch_row\u00a0\u00bb css=\u00a0\u00bb.vc_custom_1500926603051{background-color: #5f8789 !important;}\u00a0\u00bb][vc_column][vc_row_inner][vc_column_inner][vc_column_text]<\/p>\n<h1><span style=\"color: #ffffff;\">Activit\u00e9s conseill\u00e9es<\/span><\/h1>\n<p>[\/vc_column_text][\/vc_column_inner][\/vc_row_inner][vcex_portfolio_grid img_size=\u00a0\u00bbfull\u00a0\u00bb excerpt_length=\u00a0\u00bb45&Prime; readmore_style_color=\u00a0\u00bbgold\u00a0\u00bb include_categories=\u00a0\u00bb38&Prime; content_css=\u00a0\u00bb.vc_custom_1501059578278{padding-top: 25px !important;}\u00a0\u00bb][\/vc_column][\/vc_row][vc_row css=\u00a0\u00bb.vc_custom_1500926621845{padding-top: 25px !important;}\u00a0\u00bb][vc_column][vcex_portfolio_grid posts_per_page=\u00a0\u00bb12&Prime; img_size=\u00a0\u00bbfull\u00a0\u00bb excerpt=\u00a0\u00bbfalse\u00a0\u00bb readmore_style_color=\u00a0\u00bbgold\u00a0\u00bb include_categories=\u00a0\u00bb18&Prime;][\/vc_column][\/vc_row][vc_row][vc_column][\/vc_column][\/vc_row]<\/p>\n","protected":false},"excerpt":{"rendered":"<p>[vc_row][vc_column][vc_column_text] Bo\u00eete \u00e0 outils &#8211; mobilit\u00e9 internationale [\/vc_column_text][\/vc_column][\/vc_row][vc_row full_width=\u00a0\u00bbstretch_row\u00a0\u00bb css=\u00a0\u00bb.vc_custom_1500926603051{background-color: #5f8789 !important;}\u00a0\u00bb][vc_column][vc_row_inner][vc_column_inner][vc_column_text] Activit\u00e9s conseill\u00e9es [\/vc_column_text][\/vc_column_inner][\/vc_row_inner][vcex_portfolio_grid img_size=\u00a0\u00bbfull\u00a0\u00bb excerpt_length=\u00a0\u00bb45&Prime; readmore_style_color=\u00a0\u00bbgold\u00a0\u00bb include_categories=\u00a0\u00bb38&Prime; content_css=\u00a0\u00bb.vc_custom_1501059578278{padding-top: 25px !important;}\u00a0\u00bb][\/vc_column][\/vc_row][vc_row css=\u00a0\u00bb.vc_custom_1500926621845{padding-top: 25px !important;}\u00a0\u00bb][vc_column][vcex_portfolio_grid posts_per_page=\u00a0\u00bb12&Prime; img_size=\u00a0\u00bbfull\u00a0\u00bb excerpt=\u00a0\u00bbfalse\u00a0\u00bb readmore_style_color=\u00a0\u00bbgold\u00a0\u00bb include_categories=\u00a0\u00bb18&Prime;][\/vc_column][\/vc_row][vc_row][vc_column][\/vc_column][\/vc_row]<\/p>\n","protected":false},"author":1,"featured_media":0,"parent":0,"menu_order":0,"comment_status":"closed","ping_status":"closed","template":"","meta":{"_themeisle_gutenberg_block_has_review":false,"footnotes":""},"class_list":["post-2936","page","type-page","status-publish","hentry"],"_links":{"self":[{"href":"http:\/\/intercultural-learning.eu\/fr\/wp-json\/wp\/v2\/pages\/2936\/"}],"collection":[{"href":"http:\/\/intercultural-learning.eu\/fr\/wp-json\/wp\/v2\/pages\/"}],"about":[{"href":"http:\/\/intercultural-learning.eu\/fr\/wp-json\/wp\/v2\/types\/page\/"}],"author":[{"embeddable":true,"href":"http:\/\/intercultural-learning.eu\/fr\/wp-json\/wp\/v2\/users\/1\/"}],"replies":[{"embeddable":true,"href":"http:\/\/intercultural-learning.eu\/fr\/wp-json\/wp\/v2\/comments\/?post=2936"}],"version-history":[{"count":5,"href":"http:\/\/intercultural-learning.eu\/fr\/wp-json\/wp\/v2\/pages\/2936\/revisions\/"}],"predecessor-version":[{"id":3098,"href":"http:\/\/intercultural-learning.eu\/fr\/wp-json\/wp\/v2\/pages\/2936\/revisions\/3098\/"}],"wp:attachment":[{"href":"http:\/\/intercultural-learning.eu\/fr\/wp-json\/wp\/v2\/media\/?parent=2936"}],"curies":[{"name":"wp","href":"https:\/\/api.w.org\/{rel}","templated":true}]}}