{"id":2885,"date":"2018-04-06T11:22:17","date_gmt":"2018-04-06T09:22:17","guid":{"rendered":"http:\/\/intercultural-learning.eu\/toolbox-lecole-dans-son-ensemble\/"},"modified":"2018-06-05T15:21:27","modified_gmt":"2018-06-05T13:21:27","slug":"toolbox-lecole-dans-son-ensemble","status":"publish","type":"page","link":"http:\/\/intercultural-learning.eu\/fr\/toolbox-lecole-dans-son-ensemble\/","title":{"rendered":"Toolbox: l&rsquo;\u00e9tablissement dans son ensemble"},"content":{"rendered":"<p>[vc_row][vc_column][vc_column_text]<\/p>\n<h1><span style=\"color: #5f8789;\">Bo\u00eete \u00e0 outils -l&rsquo;\u00e9tablissement dans son ensemble\u00a0<\/span><\/h1>\n<p>[\/vc_column_text][\/vc_column][\/vc_row][vc_row full_width=\u00a0\u00bbstretch_row\u00a0\u00bb css=\u00a0\u00bb.vc_custom_1500926603051{background-color: #5f8789 !important;}\u00a0\u00bb][vc_column][vc_row_inner][vc_column_inner][vc_column_text]<\/p>\n<h1><span style=\"color: #ffffff;\">Activit\u00e9s conseill\u00e9es\u00a0<\/span><\/h1>\n<p>[\/vc_column_text][\/vc_column_inner][\/vc_row_inner][vcex_portfolio_grid img_size=\u00a0\u00bbfull\u00a0\u00bb excerpt_length=\u00a0\u00bb45&Prime; readmore_style_color=\u00a0\u00bbgold\u00a0\u00bb include_categories=\u00a0\u00bb35&Prime; content_css=\u00a0\u00bb.vc_custom_1500926634848{padding-top: 25px !important;}\u00a0\u00bb][\/vc_column][\/vc_row][vc_row css=\u00a0\u00bb.vc_custom_1500926621845{padding-top: 25px !important;}\u00a0\u00bb][vc_column][vcex_portfolio_grid posts_per_page=\u00a0\u00bb12&Prime; img_size=\u00a0\u00bbfull\u00a0\u00bb excerpt=\u00a0\u00bbfalse\u00a0\u00bb readmore_style_color=\u00a0\u00bbgold\u00a0\u00bb include_categories=\u00a0\u00bb14&Prime;][\/vc_column][\/vc_row][vc_row][vc_column][\/vc_column][\/vc_row]<\/p>\n","protected":false},"excerpt":{"rendered":"<p>[vc_row][vc_column][vc_column_text] Bo\u00eete \u00e0 outils -l&rsquo;\u00e9tablissement dans son ensemble\u00a0 [\/vc_column_text][\/vc_column][\/vc_row][vc_row full_width=\u00a0\u00bbstretch_row\u00a0\u00bb css=\u00a0\u00bb.vc_custom_1500926603051{background-color: #5f8789 !important;}\u00a0\u00bb][vc_column][vc_row_inner][vc_column_inner][vc_column_text] Activit\u00e9s conseill\u00e9es\u00a0 [\/vc_column_text][\/vc_column_inner][\/vc_row_inner][vcex_portfolio_grid img_size=\u00a0\u00bbfull\u00a0\u00bb excerpt_length=\u00a0\u00bb45&Prime; readmore_style_color=\u00a0\u00bbgold\u00a0\u00bb include_categories=\u00a0\u00bb35&Prime; content_css=\u00a0\u00bb.vc_custom_1500926634848{padding-top: 25px !important;}\u00a0\u00bb][\/vc_column][\/vc_row][vc_row css=\u00a0\u00bb.vc_custom_1500926621845{padding-top: 25px !important;}\u00a0\u00bb][vc_column][vcex_portfolio_grid posts_per_page=\u00a0\u00bb12&Prime; img_size=\u00a0\u00bbfull\u00a0\u00bb excerpt=\u00a0\u00bbfalse\u00a0\u00bb readmore_style_color=\u00a0\u00bbgold\u00a0\u00bb include_categories=\u00a0\u00bb14&Prime;][\/vc_column][\/vc_row][vc_row][vc_column][\/vc_column][\/vc_row]<\/p>\n","protected":false},"author":1,"featured_media":0,"parent":0,"menu_order":0,"comment_status":"closed","ping_status":"closed","template":"","meta":{"_themeisle_gutenberg_block_has_review":false,"footnotes":""},"class_list":["post-2885","page","type-page","status-publish","hentry"],"_links":{"self":[{"href":"http:\/\/intercultural-learning.eu\/fr\/wp-json\/wp\/v2\/pages\/2885\/"}],"collection":[{"href":"http:\/\/intercultural-learning.eu\/fr\/wp-json\/wp\/v2\/pages\/"}],"about":[{"href":"http:\/\/intercultural-learning.eu\/fr\/wp-json\/wp\/v2\/types\/page\/"}],"author":[{"embeddable":true,"href":"http:\/\/intercultural-learning.eu\/fr\/wp-json\/wp\/v2\/users\/1\/"}],"replies":[{"embeddable":true,"href":"http:\/\/intercultural-learning.eu\/fr\/wp-json\/wp\/v2\/comments\/?post=2885"}],"version-history":[{"count":22,"href":"http:\/\/intercultural-learning.eu\/fr\/wp-json\/wp\/v2\/pages\/2885\/revisions\/"}],"predecessor-version":[{"id":3083,"href":"http:\/\/intercultural-learning.eu\/fr\/wp-json\/wp\/v2\/pages\/2885\/revisions\/3083\/"}],"wp:attachment":[{"href":"http:\/\/intercultural-learning.eu\/fr\/wp-json\/wp\/v2\/media\/?parent=2885"}],"curies":[{"name":"wp","href":"https:\/\/api.w.org\/{rel}","templated":true}]}}