{"id":3412,"date":"2018-09-19T11:24:08","date_gmt":"2018-09-19T09:24:08","guid":{"rendered":"http:\/\/intercultural-learning.eu\/fortbidlung-fur-lehrerinnen-und-lehrer\/3-tages-plan\/abschlusseinheit\/"},"modified":"2018-09-19T11:24:10","modified_gmt":"2018-09-19T09:24:10","slug":"abschlusseinheit","status":"publish","type":"page","link":"http:\/\/intercultural-learning.eu\/de\/fortbidlung-fur-lehrerinnen-und-lehrer\/3-tages-plan\/abschlusseinheit\/","title":{"rendered":"Abschlusseinheit"},"content":{"rendered":"<p>[vc_row][vc_column][vc_column_text]<\/p>\n<h1>ABSCHLUSSEINHEIT<\/h1>\n<p>[\/vc_column_text][\/vc_column][\/vc_row][vc_row][vc_column][vc_column_text]<strong>Zeitraum:<\/strong> 45 Minuten[\/vc_column_text][\/vc_column][\/vc_row][vc_row][vc_column width=&#8220;1\/3&#8243;][vc_column_text]<\/p>\n<h4>Ziele der Fortbildungseinheit:<\/h4>\n<ul>\n<li style=\"font-weight: 400;\"><span style=\"font-weight: 400;\">Reflektion der w\u00e4hrend der Fortbildung erlernten Inhalte, <\/span><\/li>\n<li style=\"font-weight: 400;\"><span style=\"font-weight: 400;\">Auswertung der Fortbildung durch die Teilnehmenden. <\/span><\/li>\n<\/ul>\n<p>[\/vc_column_text][\/vc_column][vc_column width=&#8220;1\/3&#8243;][vc_column_text]<\/p>\n<h4>Lernziele:<\/h4>\n<p><span style=\"font-weight: 400;\">W\u00e4hrend dieser Einheit werden die Teilnehmenden:<\/span><\/p>\n<ol>\n<li style=\"font-weight: 400;\"><span style=\"font-weight: 400;\">die in der Fortbildung erarbeiteten Inhalte und F\u00e4higkeiten reflektieren, <\/span><\/li>\n<li style=\"font-weight: 400;\"><span style=\"font-weight: 400;\">ihren Gesamteindruck zur Fortbildung teilen.<\/span><\/li>\n<\/ol>\n<p>[\/vc_column_text][\/vc_column][vc_column width=&#8220;1\/3&#8243;][vc_column_text]<\/p>\n<h4>R\u00e4umliche Anforderungen:<\/h4>\n<ul>\n<li style=\"font-weight: 400;\"><span style=\"font-weight: 400;\">Halbkreis-f\u00f6rmige Sitzordnung.<\/span><\/li>\n<li style=\"font-weight: 400;\"><span style=\"font-weight: 400;\">Ein Raum, in dem die Teilnehmer sich frei bewegen k\u00f6nnen.<\/span><\/li>\n<\/ul>\n<p>[\/vc_column_text][\/vc_column][\/vc_row][vc_row][vc_column][vc_column_text]<\/p>\n<h4>Ben\u00f6tigte Materialien<\/h4>\n<ul>\n<li style=\"font-weight: 400;\"><span style=\"font-weight: 400;\">Flipchart und Papierb\u00f6gen<\/span><\/li>\n<li style=\"font-weight: 400;\"><span style=\"font-weight: 400;\">Farbige Markerstifte <\/span><\/li>\n<li style=\"font-weight: 400;\"><span style=\"font-weight: 400;\">Farbige Klebepunkte<\/span><\/li>\n<li style=\"font-weight: 400;\"><span style=\"font-weight: 400;\">Teilnahmebescheinigungen, wenn vorhanden.<\/span><\/li>\n<\/ul>\n<p>[\/vc_column_text][\/vc_column][\/vc_row][vc_row][vc_column][vc_column_text]<\/p>\n<h2>Beschreibung der einzelnen Schritte der Fortbildungseinheit<\/h2>\n<p>[\/vc_column_text][\/vc_column][\/vc_row][vc_row][vc_column][vc_column_text]<\/p>\n<h3><span style=\"font-weight: 400;\">AKTIVIT\u00c4T 1: REFLEKTION (30 Min) <\/span><\/h3>\n<p><span style=\"font-weight: 400;\">W\u00e4hlen Sie eine Methode um den Teilnehmenden Zeit zur Reflexion \u00fcber die w\u00e4hrend der Fortbildung neu erlernten Inhalte zu geben. Geeignete Beispiele w\u00e4ren:<\/span><\/p>\n<ol>\n<li style=\"font-weight: 400;\"><span style=\"font-weight: 400;\">\u201eDer Auswertungsbaum\u201c oder \u201eder Baum der Erkenntnis\u201c aus den <\/span><a href=\"http:\/\/intercultural-learning.eu\/de\/auswertungsmethoden\/\"><span style=\"font-weight: 400;\">Evaluationsinstrumenten<\/span><\/a><span style=\"font-weight: 400;\"> der Methodenbox.<\/span><\/li>\n<li style=\"font-weight: 400;\"><span style=\"font-weight: 400;\">Alternativ k\u00f6nnen Sie vier Flipcharts mit jeweils einer der folgenden Fragen aufstellen:<\/span><\/li>\n<\/ol>\n<ul>\n<li style=\"list-style-type: none;\">\n<ul>\n<li style=\"list-style-type: none;\">\n<ul>\n<li style=\"font-weight: 400;\"><span style=\"font-weight: 400;\">Was war Ihr gr\u00f6\u00dfter Aha-Moment?<\/span><\/li>\n<li style=\"font-weight: 400;\"><span style=\"font-weight: 400;\">\u00dcber welches Thema w\u00fcrden Sie gern mehr erfahren?<\/span><\/li>\n<li style=\"font-weight: 400;\"><span style=\"font-weight: 400;\">Was ist das Wertvollste, das Sie in dieser Fortbildung gelernt haben?<\/span><\/li>\n<li style=\"font-weight: 400;\"><span style=\"font-weight: 400;\">Wie werden Sie das Gelernte umsetzen?<\/span><\/li>\n<\/ul>\n<\/li>\n<li style=\"font-weight: 400;\"><span style=\"font-weight: 400;\">Bitten Sie die Teilnehmenden, sich frei zu bewegen und auf jeden der Flipcharts Stichworte zu schreiben.<\/span><\/li>\n<li style=\"font-weight: 400;\"><span style=\"font-weight: 400;\">Danach besprechen Sie jeden Flipchart vor der Gruppe und bitten um Kommentare und Anmerkungen.<\/span><\/li>\n<\/ul>\n<\/li>\n<\/ul>\n<p>[\/vc_column_text][\/vc_column][\/vc_row][vc_row][vc_column][vc_column_text]<\/p>\n<h3><span style=\"font-weight: 400;\">AKTIVIT\u00c4T 2: VERABSCHIEDUNG (5 Min)<\/span><\/h3>\n<p><span style=\"font-weight: 400;\">Bedanken Sie sich bei den Teilnehmenden f\u00fcr Ihr Interesse und ihre Teilnahme und w\u00fcnschen Sie ihnen die erfolgreiche Umsetzung eines interkulturellen Lernansatzes und interkultureller Aktivit\u00e4ten an ihrer Schule.<\/span>[\/vc_column_text][\/vc_column][\/vc_row][vc_row][vc_column][vc_column_text]<\/p>\n<h3><span style=\"font-weight: 400;\">AKTIVIT\u00c4T 3: AUSWERTUNG (10 Min)<\/span><\/h3>\n<ol>\n<li style=\"font-weight: 400;\"><span style=\"font-weight: 400;\">Bitten Sie die Teilnehmenden die Fortbildung mit Hilfe der Instrumente zu bewerten, die sie in den Einheiten zuvor genutzt haben (Frageb\u00f6gen, Poster mit Bildern, &#8230;)<\/span><\/li>\n<li style=\"font-weight: 400;\"><span style=\"font-weight: 400;\">Vergewissern Sie sich, dass alle Fortbilder und Fortbilderinnen den Raum verlassen w\u00e4hrend die Lehrkr\u00e4fte die Fortbildung bewerten, um jegliche Art von Beeinflussung zu vermeiden.<\/span><\/li>\n<\/ol>\n<p>[\/vc_column_text][\/vc_column][\/vc_row]<\/p>\n","protected":false},"excerpt":{"rendered":"<p>[vc_row][vc_column][vc_column_text] ABSCHLUSSEINHEIT [\/vc_column_text][\/vc_column][\/vc_row][vc_row][vc_column][vc_column_text]Zeitraum: 45 Minuten[\/vc_column_text][\/vc_column][\/vc_row][vc_row][vc_column width=&#8220;1\/3&#8243;][vc_column_text] Ziele der Fortbildungseinheit: Reflektion der w\u00e4hrend der Fortbildung erlernten Inhalte, Auswertung der Fortbildung durch die Teilnehmenden. [\/vc_column_text][\/vc_column][vc_column width=&#8220;1\/3&#8243;][vc_column_text] Lernziele: W\u00e4hrend dieser Einheit werden die Teilnehmenden: die in der Fortbildung erarbeiteten Inhalte und F\u00e4higkeiten reflektieren, ihren Gesamteindruck zur Fortbildung teilen. [\/vc_column_text][\/vc_column][vc_column width=&#8220;1\/3&#8243;][vc_column_text] R\u00e4umliche Anforderungen: Halbkreis-f\u00f6rmige Sitzordnung. Ein Raum, in dem [&hellip;]<\/p>\n","protected":false},"author":1,"featured_media":0,"parent":3364,"menu_order":0,"comment_status":"closed","ping_status":"closed","template":"","meta":{"_themeisle_gutenberg_block_has_review":false,"footnotes":""},"class_list":["post-3412","page","type-page","status-publish","hentry"],"_links":{"self":[{"href":"http:\/\/intercultural-learning.eu\/de\/wp-json\/wp\/v2\/pages\/3412\/"}],"collection":[{"href":"http:\/\/intercultural-learning.eu\/de\/wp-json\/wp\/v2\/pages\/"}],"about":[{"href":"http:\/\/intercultural-learning.eu\/de\/wp-json\/wp\/v2\/types\/page\/"}],"author":[{"embeddable":true,"href":"http:\/\/intercultural-learning.eu\/de\/wp-json\/wp\/v2\/users\/1\/"}],"replies":[{"embeddable":true,"href":"http:\/\/intercultural-learning.eu\/de\/wp-json\/wp\/v2\/comments\/?post=3412"}],"version-history":[{"count":1,"href":"http:\/\/intercultural-learning.eu\/de\/wp-json\/wp\/v2\/pages\/3412\/revisions\/"}],"predecessor-version":[{"id":3413,"href":"http:\/\/intercultural-learning.eu\/de\/wp-json\/wp\/v2\/pages\/3412\/revisions\/3413\/"}],"up":[{"embeddable":true,"href":"http:\/\/intercultural-learning.eu\/de\/wp-json\/wp\/v2\/pages\/3364\/"}],"wp:attachment":[{"href":"http:\/\/intercultural-learning.eu\/de\/wp-json\/wp\/v2\/media\/?parent=3412"}],"curies":[{"name":"wp","href":"https:\/\/api.w.org\/{rel}","templated":true}]}}