{"id":2095,"date":"2017-10-19T15:14:42","date_gmt":"2017-10-19T13:14:42","guid":{"rendered":"http:\/\/intercultural-learning.eu\/fortbidlung-fur-lehrerinnen-und-lehrer\/"},"modified":"2018-11-29T17:25:44","modified_gmt":"2018-11-29T16:25:44","slug":"fortbidlung-fur-lehrerinnen-und-lehrer","status":"publish","type":"page","link":"http:\/\/intercultural-learning.eu\/de\/fortbidlung-fur-lehrerinnen-und-lehrer\/","title":{"rendered":"Fortbildung"},"content":{"rendered":"<p>[vc_row][vc_column][vc_column_text]<\/p>\n<h1>FORTBILDUNG F\u00dcR LEHRERINNEN UND LEHRER<\/h1>\n<p>[\/vc_column_text][vcex_teaser style=&#8220;four&#8220; css_animation=&#8220;bounceIn&#8220; text_align=&#8220;right&#8220; heading=&#8220;NACHSTE FORTBILDUNGEN&#8220; img_size=&#8220;full&#8220; hover_animation=&#8220;bounce-in&#8220; border_color=&#8220;#dd9933&#8243; heading_color=&#8220;#dd9933&#8243; url=&#8220;url:http%3A%2F%2Fintercultural-learning.eu%2Fteacher-training%2Fupcoming-trainings%2F|||&#8220;][\/vcex_teaser][vcex_spacing][vc_column_text]Um interkulturelle Kompetenzen zu entwickeln, m\u00fcssen wir verstehen wie andere Menschen denken, f\u00fchlen und handeln. Wir ben\u00f6tigen interkulturelle Kompetenzen dabei nicht nur, um Menschen aus anderen Kulturen zu verstehen, sondern auch, um Unterschiede in unserer eigenen Kultur zu \u00fcberwinden.<br \/>\nIm Rahmen des Projektes Interkulturelles Lernen f\u00fcr Sch\u00fclerinnen und Sch\u00fcler und Lehrkr\u00e4fte wurde eine Fortbildung zur F\u00f6rderung interkultureller Kompetenzen bei Lehrkr\u00e4ften und Sch\u00fclerinnen und Sch\u00fclern entwickelt. Diese Fortbildung wird durch eine Methodenbox mit praktisch anwendbaren Unterrichtsmethoden und \u2013materialien zur Integration von interkulturellem Lernen in den Unterricht und in die Lehrpl\u00e4ne erg\u00e4nzt.<br \/>\nIm Rahmen des Erasmus+ Pilotprojekts \u201eInterkulturelles Lernen f\u00fcr Sch\u00fcler und Sch\u00fclerinnen und 300 Lehrkr\u00e4fte in den L\u00e4ndern der Partnerorganisationen ausgebildet und 4000 Sch\u00fclerinnen und Sch\u00fcler nutzten bereits die Instrumente und Aktivit\u00e4ten der Methodenbox.<\/p>\n<p><strong>Die Fortbildungseinheiten werden nun auch online verf\u00fcgbar gemacht.<\/strong>. Die Ziele der Schulung sind:<\/p>\n<ol>\n<li style=\"font-weight: 400;\"><span style=\"font-weight: 400;\">Schaffung von Bewusstsein f\u00fcr die eigenen interkulturellen Erfahrungen der Lehrkr\u00e4fte, diese darstellen zu k\u00f6nnen und die eigene interkulturelle Kompetenz zu st\u00e4rken<\/span><\/li>\n<li style=\"font-weight: 400;\"><span style=\"font-weight: 400;\">St\u00e4rkung der F\u00e4higkeit, interkulturelle Lerntheorien mit beobachteten Verhaltensweisen zu verkn\u00fcpfen<\/span><\/li>\n<li style=\"font-weight: 400;\"><span style=\"font-weight: 400;\">Vermittlung der M\u00f6glichkeiten zu Mobilt\u00e4ts- und Austauschprogrammen f\u00fcr Sch\u00fclerinnen und Sch\u00fcler<\/span><\/li>\n<li style=\"font-weight: 400;\"><span style=\"font-weight: 400;\">Darstellung verschiedener Evaluations- und Auswertungstechniken f\u00fcr interkulturelle Lernkompetenzen bei Sch\u00fclerinnen und Sch\u00fclern<\/span><\/li>\n<li style=\"font-weight: 400;\"><span style=\"font-weight: 400;\">F\u00f6rderung eines ganzheitlich-orientierten schulumfassenden Ansatzes in Bezug auf interkulturelles Lernen in der Schule<\/span><\/li>\n<li style=\"font-weight: 400;\"><span style=\"font-weight: 400;\">Vorstellung bestehender Online-Quellen zum Thema<\/span><\/li>\n<li style=\"font-weight: 400;\"><span style=\"font-weight: 400;\">Vermittlung der F\u00e4higkeit, fachspezifische und f\u00e4cher\u00fcbergreifende Module f\u00fcr interkulturelles Lernen zu konzipieren<\/span><\/li>\n<\/ol>\n<p>Auf den folgenden Seiten werden drei m\u00f6gliche Zeitpl\u00e4ne und Leitf\u00e4den f\u00fcr insgesamt acht Fortbildungseinheiten vorgestellt, die in der Schule oder im au\u00dferschulischen Umfeld umgesetzt werden k\u00f6nnen. Z\u00f6gern Sie nicht, die Projektpartner zu kontaktieren, wenn Sie Unterst\u00fctzung oder Beratung ben\u00f6tigen um eine solche Fortbildung an ihrer Schule zu initiieren.[\/vc_column_text][vc_raw_js]PHNjcmlwdCB0eXBlPSJ0ZXh0L2phdmFzY3JpcHQiPiBhbGVydCgiRW50ZXIgeW91ciBqcyBoZXJlISIgKTsgPC9zY3JpcHQ+[\/vc_raw_js][\/vc_column][\/vc_row][vc_row][vc_column][vc_column_text]<\/p>\n<h2><strong>Beschreibung der Fortbildungseinheiten<\/strong><\/h2>\n<p>Die einzelnen Module k\u00f6nnen je nach f\u00fcr den Kurs zur Verf\u00fcgung stehender Zeit zusammengestellt werden. \u201cWillkommen &amp; Einf\u00fchrung\u201d dient zur Einf\u00fchrung und als Eisbrecher, \u201cWas ist Kultur\u201d zielt darauf ab, dass sich die Lehrkr\u00e4fte selbst als interkulturelle Wesen reflektieren und einige der grundlegendsten Konzepte und Theorien zum interkulturellen Lernen kennenlernen. \u201cInterkulturelles Lernen und Schule\u201d informiert \u00fcber institutionelle Richtlinien zu interkulturellem Lernen und interkultureller Kompetenz und bietet den Lehrkr\u00e4ften die M\u00f6glichkeit, sich bewusst zu machen, wie mit diesen Themen an ihrer Schule bereits umgegangen wird. \u201cEvaluation interkultureller Kompetenz\u201d widmet sich der schwierigen Frage zur Evaluation und Auswertung interkultureller Kompetenzen mit dem Verweis auf Techniken, Quellen und einer Bibliographie. \u201cVorstellung der Methodenbox f\u00fcr interkulturelles Lernen in der Schule\u201d und \u201cM\u00f6glichkeiten der Methodenbox\u201d zielen darauf ab, die Methodenbox, die online zu finden ist, kennenzulernen und einige der Aktivit\u00e4ten zu erproben. \u201cPlanung zur Nutzung der Methodenbox f\u00fcr Interkulturelles Lernen in der Schule\u201d setzt den Akzent auf die Erstellung eines Aktionsplans, den die Lehrkr\u00e4fte an ihren Schulen umsetzen k\u00f6nnen. Die \u201cAbschlusseinheit\u201d bietet den Teilnehmenden die M\u00f6glichkeit, das Gelernte zu reflektieren.<\/p>\n<p>&nbsp;<\/p>\n<ul>\n<li style=\"text-align: left;\">\n<h3><a href=\"http:\/\/intercultural-learning.eu\/teacher-training\/intercultural-learning-at-school\/three-day-agenda\/\" target=\"_blank\" rel=\"noopener\">3-Tages Plan<\/a><\/h3>\n<\/li>\n<li style=\"text-align: left;\">\n<h3><a href=\"http:\/\/intercultural-learning.eu\/teacher-training\/intercultural-learning-at-school\/two-day-agenda\/\" target=\"_blank\" rel=\"noopener\">2-Tages Plan<\/a><\/h3>\n<\/li>\n<li style=\"text-align: left;\">\n<h3><a href=\"http:\/\/intercultural-learning.eu\/teacher-training\/intercultural-learning-at-school\/one-day-agenda\/\" target=\"_blank\" rel=\"noopener\">1-Tages Plan<\/a><\/h3>\n<\/li>\n<\/ul>\n<p>[\/vc_column_text][\/vc_column][\/vc_row][vc_row][vc_column width=&#8220;3\/6&#8243;][vc_column_text]<\/p>\n<h2><strong>Vor Beginn der Fortbildung<\/strong><\/h2>\n<h4>Vorbereitungsaufgaben f\u00fcr Lehrkr\u00e4fte:<\/h4>\n<p>Um den gr\u00f6\u00dften Nutzen aus der Fortbildung zu ziehen, sollten die Teilnehmenden im Vorfeld folgende Aufgaben erledigen:<\/p>\n<ul>\n<li>\u00dcberlegungen zu interkulturellem Lernen:\n<ul>\n<li>Was ist interkulturelles Lernen?<\/li>\n<li>Spielt interkulturelles Lernen in meiner Lehrpraxis bereits eine Rolle? Welche?<\/li>\n<\/ul>\n<\/li>\n<li><strong>Fragebogen zu interkulturellem Lernen an Ihrer Schule:<\/strong> Die Teilnehmenden sollen den \u201eFragebogen zur Selbsteinsch\u00e4tzung in Bezug auf die Interkulturelle Dimension der Schule\u201c in Zusammenarbeit mit der Schulleitung ausf\u00fcllen um Schwerpunkte und Bed\u00fcrfnisse ihrer Schule im Bezug auf das Thema zu formulieren. Diesen bringen Sie zur Fortbildung mit.<\/li>\n<li><strong>Reflektions\u00fcbung zu einem \u201ckritischen Ereignis\u201d:<\/strong> Ein kritisches Ereignis ist das Ergebnis eines interkulturellen Missverst\u00e4ndnisses oder Konflikts, der zu einer Lernerfahrung gef\u00fchrt hat. Es beinhaltet eine unerwartete oder zuf\u00e4llige Interaktion mit einer Person, deren Hintergrund, Wertesystem oder Verhaltensmuster, sich von den eigenen unterscheidet. Die Teilnehmenden sollen sich an eine solche Erfahrung erinnern, die sie selbst gemacht oder beobachtet haben, und sich Gedanken zu ihren damaligen Gef\u00fchlen und Reaktionen machen um sie w\u00e4hrend der Fortbildung mit der Gruppe teilen.<\/li>\n<li>Ideal w\u00e4re es, wenn jeder Teilnehmende seinen\/ihren eigenen Computer mitbr\u00e4chte um die Inhalte der Website und der Methodenbox zu erkunden.<\/li>\n<li><strong>R\u00e4umliche Anforderungen und ben\u00f6tigte Materialien:<\/strong> Viele der empfohlenen Aktivit\u00e4ten sind interaktiv. Daher ben\u00f6tigen die Trainingseinheiten einen gro\u00dfen Raum, in den alle Teilnehmenden bequem passen und in dem sie sich bei dynamischen Aktivit\u00e4ten frei bewegen k\u00f6nnen. Es sollten St\u00fchle vorhanden und halbkreisf\u00f6rmig angeordnet sein.<br \/>\nEbenfalls ben\u00f6tigt werden:<\/p>\n<ul>\n<li>Computer mit Internetzugang<\/li>\n<li>Beamer und Leinwand<\/li>\n<li>Drucker und Ersatzkartuschen<\/li>\n<li>Flipchart St\u00e4nder<\/li>\n<li>50 Flipchart-B\u00f6gen<\/li>\n<li>Freie Wandfl\u00e4che um Plakate mit erarbeiteten Inhalten zu befestigen.<\/li>\n<\/ul>\n<\/li>\n<\/ul>\n<p>[\/vc_column_text][\/vc_column][vc_column width=&#8220;1\/6&#8243;][vcex_spacing][\/vc_column][vc_column width=&#8220;2\/6&#8243;][vc_column_text]<\/p>\n<h2><strong>Empfohlene Einkaufsliste<\/strong><\/h2>\n<p>Die folgende Liste ist f\u00fcr eine 3-Tages-Fortbildung und 20 Teilnehmende angelegt. Die Mengen sollten nach Anzahl der Teilnehmerinnen und Teilnehmer und unter Ber\u00fccksichtigung eventueller Anpassungen in der Tagesordnung (ver\u00e4nderte oder zus\u00e4tzliche Aktivit\u00e4ten) angepasst werden.<br \/>\nBitte achten Sie auf Nachhaltigkeit: <strong>REUSE<\/strong>, <strong>REDUCE<\/strong>,<strong>RECYCLE<\/strong>!<\/p>\n<ul>\n<li>100 Blatt wei\u00dfes Din A4 Papier<\/li>\n<li>50 Blatt farbiges Din A4 Papier (bunt gemischt)<\/li>\n<li>24 farbige Din A5 Karteikarten (bunt gemischt)<\/li>\n<li>5 farbige Post-It-Bl\u00f6cke (in verschiedenen Formen und Farben)<\/li>\n<li>3 schwarze Flipchart-Marker (gute Qualit\u00e4t)<\/li>\n<li>8 farbige Flipchart-Marker (gute Qualit\u00e4t)<\/li>\n<li>12 farbige Feinliner-Stifte<\/li>\n<li>3 Rollen Kreppklebeband<\/li>\n<li>10 B\u00f6gen bunter Klebepunkte<\/li>\n<li>25 Kugelschreiber (schwarz oder blau)<\/li>\n<li>1 Tacker und viele Tackernadeln<\/li>\n<li>2 Flaschen Klebstoff<\/li>\n<li>2 Scheren<\/li>\n<\/ul>\n<p>[\/vc_column_text][\/vc_column][\/vc_row][vc_row][vc_column][\/vc_column][\/vc_row]<\/p>\n","protected":false},"excerpt":{"rendered":"<p>[vc_row][vc_column][vc_column_text] FORTBILDUNG F\u00dcR LEHRERINNEN UND LEHRER [\/vc_column_text][vcex_teaser style=&#8220;four&#8220; css_animation=&#8220;bounceIn&#8220; text_align=&#8220;right&#8220; heading=&#8220;NACHSTE FORTBILDUNGEN&#8220; img_size=&#8220;full&#8220; hover_animation=&#8220;bounce-in&#8220; border_color=&#8220;#dd9933&#8243; heading_color=&#8220;#dd9933&#8243; url=&#8220;url:http%3A%2F%2Fintercultural-learning.eu%2Fteacher-training%2Fupcoming-trainings%2F|||&#8220;][\/vcex_teaser][vcex_spacing][vc_column_text]Um interkulturelle Kompetenzen zu entwickeln, m\u00fcssen wir verstehen wie andere Menschen denken, f\u00fchlen und handeln. Wir ben\u00f6tigen interkulturelle Kompetenzen dabei nicht nur, um Menschen aus anderen Kulturen zu verstehen, sondern auch, um Unterschiede in unserer eigenen Kultur zu \u00fcberwinden. [&hellip;]<\/p>\n","protected":false},"author":1,"featured_media":0,"parent":0,"menu_order":0,"comment_status":"closed","ping_status":"closed","template":"","meta":{"_themeisle_gutenberg_block_has_review":false,"footnotes":""},"class_list":["post-2095","page","type-page","status-publish","hentry"],"_links":{"self":[{"href":"http:\/\/intercultural-learning.eu\/de\/wp-json\/wp\/v2\/pages\/2095\/"}],"collection":[{"href":"http:\/\/intercultural-learning.eu\/de\/wp-json\/wp\/v2\/pages\/"}],"about":[{"href":"http:\/\/intercultural-learning.eu\/de\/wp-json\/wp\/v2\/types\/page\/"}],"author":[{"embeddable":true,"href":"http:\/\/intercultural-learning.eu\/de\/wp-json\/wp\/v2\/users\/1\/"}],"replies":[{"embeddable":true,"href":"http:\/\/intercultural-learning.eu\/de\/wp-json\/wp\/v2\/comments\/?post=2095"}],"version-history":[{"count":15,"href":"http:\/\/intercultural-learning.eu\/de\/wp-json\/wp\/v2\/pages\/2095\/revisions\/"}],"predecessor-version":[{"id":3731,"href":"http:\/\/intercultural-learning.eu\/de\/wp-json\/wp\/v2\/pages\/2095\/revisions\/3731\/"}],"wp:attachment":[{"href":"http:\/\/intercultural-learning.eu\/de\/wp-json\/wp\/v2\/media\/?parent=2095"}],"curies":[{"name":"wp","href":"https:\/\/api.w.org\/{rel}","templated":true}]}}