{"id":1091,"date":"2017-08-28T07:17:58","date_gmt":"2017-08-28T05:17:58","guid":{"rendered":"http:\/\/intercultural-learning.eu\/empfehlungen\/"},"modified":"2018-11-29T17:38:21","modified_gmt":"2018-11-29T16:38:21","slug":"empfehlungen","status":"publish","type":"page","link":"http:\/\/intercultural-learning.eu\/de\/empfehlungen\/","title":{"rendered":"Empfehlungen"},"content":{"rendered":"<p>[vc_row][vc_column width=&#8220;2\/3&#8243;][vc_column_text]<\/p>\n<h1>Unterschiedliche L\u00e4nder, unterschiedliche Bildungssysteme<\/h1>\n<p>Die Bildungssysteme in den L\u00e4ndern Europas sind meist sehr unterschiedlich. In Italien und den Niederlanden etwa verf\u00fcgen die Schulleiterinnen und Schulleiter \u00fcber einen hohen Grad an Autonomie. Und in Frankreich und Deutschland \u00fcben \u00f6rtliche Beh\u00f6rden einen gro\u00dfen Einfluss auf die Lehrpl\u00e4ne der Schulen aus.<\/p>\n<h3>Im Oktober 2018 finden Sie hier die l\u00e4nderspezifischen Empfehlungen. <a href=\"http:\/\/intercultural-learning.eu\/policy-recommendations\/\">Hier<\/a> finden Sie die\u00a0<strong>Studien \u00fcber das IKL in der Lehrerausbildung und in den Lehrpl\u00e4nen auf English.<\/strong><\/h3>\n<p>[\/vc_column_text][\/vc_column][vc_column width=&#8220;1\/3&#8243;][vc_single_image image=&#8220;52&#8243;][\/vc_column][\/vc_row]<\/p>\n","protected":false},"excerpt":{"rendered":"<p>[vc_row][vc_column width=&#8220;2\/3&#8243;][vc_column_text] Unterschiedliche L\u00e4nder, unterschiedliche Bildungssysteme Die Bildungssysteme in den L\u00e4ndern Europas sind meist sehr unterschiedlich. In Italien und den Niederlanden etwa verf\u00fcgen die Schulleiterinnen und Schulleiter \u00fcber einen hohen Grad an Autonomie. Und in Frankreich und Deutschland \u00fcben \u00f6rtliche Beh\u00f6rden einen gro\u00dfen Einfluss auf die Lehrpl\u00e4ne der Schulen aus. Im Oktober 2018 finden Sie [&hellip;]<\/p>\n","protected":false},"author":1,"featured_media":0,"parent":0,"menu_order":0,"comment_status":"closed","ping_status":"closed","template":"","meta":{"_themeisle_gutenberg_block_has_review":false,"footnotes":""},"class_list":["post-1091","page","type-page","status-publish","hentry"],"_links":{"self":[{"href":"http:\/\/intercultural-learning.eu\/de\/wp-json\/wp\/v2\/pages\/1091\/"}],"collection":[{"href":"http:\/\/intercultural-learning.eu\/de\/wp-json\/wp\/v2\/pages\/"}],"about":[{"href":"http:\/\/intercultural-learning.eu\/de\/wp-json\/wp\/v2\/types\/page\/"}],"author":[{"embeddable":true,"href":"http:\/\/intercultural-learning.eu\/de\/wp-json\/wp\/v2\/users\/1\/"}],"replies":[{"embeddable":true,"href":"http:\/\/intercultural-learning.eu\/de\/wp-json\/wp\/v2\/comments\/?post=1091"}],"version-history":[{"count":4,"href":"http:\/\/intercultural-learning.eu\/de\/wp-json\/wp\/v2\/pages\/1091\/revisions\/"}],"predecessor-version":[{"id":3740,"href":"http:\/\/intercultural-learning.eu\/de\/wp-json\/wp\/v2\/pages\/1091\/revisions\/3740\/"}],"wp:attachment":[{"href":"http:\/\/intercultural-learning.eu\/de\/wp-json\/wp\/v2\/media\/?parent=1091"}],"curies":[{"name":"wp","href":"https:\/\/api.w.org\/{rel}","templated":true}]}}